{"id":68,"date":"2025-04-04T17:17:55","date_gmt":"2025-04-04T17:17:55","guid":{"rendered":"https:\/\/kladionica.com\/pl\/?page_id=68"},"modified":"2025-04-04T17:17:55","modified_gmt":"2025-04-04T17:17:55","slug":"jak-oceniamy","status":"publish","type":"page","link":"https:\/\/kladionica.com\/pl\/jak-oceniamy\/","title":{"rendered":"Jak wybieramy najlepszych bukmacher\u00f3w online: kulisy naszych ranking\u00f3w"},"content":{"rendered":"<p>W zalewie bukmacherskich marek nie jest \u0142atwo o wyb\u00f3r odpowiedniej i wiarygodnej platformy. Jako redakcja specjalizuj\u0105ca si\u0119 w analizie rynku bukmacherskiego, doskonale rozumiemy efekty tej kl\u0119ski urodzaju. Dlatego naszym celem jest dostarczanie rzetelnych ranking\u00f3w i recenzji, kt\u00f3re pomog\u0105 wam w podj\u0119ciu \u015bwiadomej decyzji.<\/p>\n<p>W tym artykule chcemy uchyli\u0107 r\u0105bka tajemnicy i wyja\u015bniamy krok po kroku, jak wygl\u0105da nasza metodologia przy konstruowaniu ranking\u00f3w z najlepszymi bukmacherami online w Polsce. Za chwil\u0119 dowiecie si\u0119, na co poza licencj\u0105 i bezpiecze\u0144stwem zwracamy uwag\u0119, oceniaj\u0105c i wybieraj\u0105c najlepsze serwisy. Wszystkie strony z naszych ranking\u00f3w przechodz\u0105 przez g\u0119ste eksperckie sito, aby polscy typerzy mogli pochwali\u0107 si\u0119 wysokim yieldem, a to wymaga analizy wielu zmiennych. Zapraszamy do lektury!<\/p>\n<h2>Licencja: fundament zaufania<\/h2>\n<p>To absolutnie pierwszy i najwa\u017cniejszy punkt na naszej li\u015bcie. Zanim w og\u00f3le zaczniemy analizowa\u0107 ofert\u0119 czy bonusy, sprawdzamy status prawny operatora.<\/p>\n<ul>\n<li>Weryfikacja Licencji: Upewniamy si\u0119, czy bukmacher posiada aktywn\u0105 licencj\u0119 na prowadzenie dzia\u0142alno\u015bci hazardowej. Polski typer musi mie\u0107 jasno\u015b\u0107, czy za zezwoleniem stoi renomowany organ regulacyjny. Na rynku polskim niezb\u0119dne jest posiadanie zezwolenia wydanego przez Ministerstwo Finans\u00f3w, ale cz\u0119\u015b\u0107 graczy korzysta ze stron z licencjami offshore. W takim wypadku nasza weryfikacja obejmuje sprawdzenie wa\u017cno\u015bci zezwolenie w rejestrze danej komisji hazardowej.<\/li>\n<li>Dlaczego to jest tak wa\u017cne? Licencja to nie tylko formalno\u015b\u0107. Stanowi ona gwarancj\u0119, \u017ce bukmacher dzia\u0142a legalnie, podlega regularnym audytom i \u017ce przestrzega okre\u015blonych standard\u00f3w. Mamy na my\u015bli zar\u00f3wno jego wyp\u0142acalno\u015b\u0107 jak i trosk\u0119 o dane osobowe u\u017cytkownik\u00f3w. Wsp\u00f3\u0142praca z nielicencjonowanym podmiotem niestety wi\u0105\u017ce si\u0119 z du\u017cym ryzykiem, dlatego tacy operatorzy nigdy nie uzyskuj\u0105 naszej rekomendacji.<\/li>\n<\/ul>\n<h2>Oferta zak\u0142ad\u00f3w: dyscypliny i rynki<\/h2>\n<p>Gdy status prawny zosta\u0142 przez nas potwierdzony, pod lup\u0119 bierzemy sam\u0105 ofert\u0119 zak\u0142ad\u00f3w. Na tym etapie weryfikujemy poni\u017csze parametry:<\/p>\n<ul>\n<li>Zakres dyscyplin: Sprawdzamy, jak szeroka jest oferta sport\u00f3w. Oczekujemy, \u017ce operator nie tylko pozwala obstawia\u0107 najpopularniejsze ligi i dyscypliny jak pi\u0142ka no\u017cna, tenis czy koszyk\u00f3wka, ale \u017ce r\u00f3wnie\u017c posiada ofert\u0119 na sporty niszowe takie jak szachy czy pi\u0142ka wodna i e-sport. Plusem jest obecno\u015b\u0107 zak\u0142ad\u00f3w specjalnych (np. wybory, Oscary itd.).<\/li>\n<li>R\u00f3\u017cnorodno\u015b\u0107 rynk\u00f3w: Oczywi\u015bcie sama liczba dyscyplin to za ma\u0142o, by wyrobi\u0107 sobie zdanie. Analizujemy, ile rynk\u00f3w jest dost\u0119pnych dla poszczeg\u00f3lnych mecz\u00f3w czy wydarze\u0144. Czy poza podstawowym wynikiem u porz\u0105dnego buka mo\u017cna obstawia\u0107 handicapy, liczb\u0119 bramek\/punkt\u00f3w, statystyki zawodnik\u00f3w, zak\u0142ady \u0142\u0105czone czy korzysta\u0107 z funkcji typu &#8222;Bet Builder&#8221;? Dobry wyb\u00f3r to podstawa.<\/li>\n<\/ul>\n<h2>Kursy i mar\u017ca:<\/h2>\n<p>Wysoko\u015b\u0107 kurs\u00f3w bezpo\u015brednio przek\u0142ada si\u0119 na wasze potencjalne wygrane, st\u0105d te\u017c na bie\u017c\u0105co analizujemy ofert\u0119 na dzi\u015b i generalne trendy u poszczeg\u00f3lnych operator\u00f3w.<\/p>\n<ul>\n<li>Por\u00f3wnanie kurs\u00f3w: Korzystamy z por\u00f3wnywarek kursowych, aby oceni\u0107 oferty r\u00f3\u017cnych operator\u00f3w na te same wydarzenia sportowe, zar\u00f3wno w ofercie przedmeczowej, jak i na \u017cywo.<\/li>\n<li>Analiza mar\u017cy: Im ni\u017csza mar\u017ca, tym wy\u017csze kursy i lepsza oferta dla gracza. Jednak nie wszyscy bukmacherzy maj\u0105 przez ca\u0142y czas \u015bwietne mar\u017ce na wszystkie wydarzenia. Oczywi\u015bcie szukamy operator\u00f3w, kt\u00f3rzy oferuj\u0105 konkurencyjne kursy nie tylko na najpopularniejsze rynki, ale w ramach ca\u0142ej oferty, jednak istotna jest umiej\u0119tno\u015b\u0107 spojrzenia na to, co dzieje si\u0119 &#8222;tu i teraz&#8221;.<\/li>\n<\/ul>\n<h2>Aplikacja mobilna i strona www: wygoda i ergonomia<\/h2>\n<p>W erze cyfrowej intuicyjno\u015b\u0107 i funkcjonalno\u015b\u0107 recenzowanej platformy to podstawa. Nic dziwnego, \u017ce tak\u017ce i ten parametr podlega uwa\u017cnej ocenie.<\/p>\n<ul>\n<li>U\u017cyteczno\u015b\u0107 strony WWW: Oceniamy design, szybko\u015b\u0107 dzia\u0142ania, \u0142atwo\u015b\u0107 nawigacji i og\u00f3lne do\u015bwiadczenie u\u017cytkownika (UX) na stronie internetowej bukmachera. Czy \u0142atwo mo\u017cna n aniej znale\u017a\u0107 interesuj\u0105ce nas zak\u0142ady, sprawdzi\u0107 statystyki lub sprawdzi\u0107 status bonusu?<\/li>\n<li>Jako\u015b\u0107 aplikacji mobilnej: Wi\u0119kszo\u015bc legalnych bukmacherow possiada wp\u0142asne apki na systemy iOS i Android. Testujemy je pod k\u0105tem stabilno\u015bci, szybko\u015bci, dost\u0119pno\u015bci pe\u0142nej oferty (przedmeczowej i live), transmisji na \u017cywo oraz \u0142atwo\u015bci obs\u0142ugi na mniejszych ekranach.<\/li>\n<\/ul>\n<h2>Bonusy i promocje: nie wszystko z\u0142oto, co si\u0119 \u015bwieci<\/h2>\n<p>Kt\u00f3\u017c nie lubi bonus\u00f3w? Jednak na tym polu \u0142atwo wpa\u015b\u0107 na min\u0119, dlatego te\u017c ocena premii jedynie na podstawie kwoty freebetu to za ma\u0142o.<\/p>\n<ul>\n<li>Rodzaje ofert: Sprawdzamy r\u00f3\u017cnorodno\u015b\u0107 promocji \u2013 bonusy powitalne (od depozytu, zak\u0142ady bez ryzyka, freebety), bonusy dla sta\u0142ych graczy, do\u0142adowania do kupon\u00f3w ako, gr\u0119 bez podatku, programy lojalno\u015bciowe, promocje okoliczno\u015bciowe.<\/li>\n<li>Warunki obrotu i kursy: Czytamy regulaminy i sprawdzamy uwa\u017cnie wymagania dotycz\u0105ce obrotu bonusem (ile razy trzeba zagra\u0107 kwot\u0105 bonusu\/depozytu), minimalny kurs kupon\u00f3w, limity czasowe, wykluczone rynki. Oferta musi by\u0107 nie tylko atrakcyjna kwotowo, ale przede wszystkim uczciwa i realna do spe\u0142nienia.<\/li>\n<\/ul>\n<h2>Metody p\u0142atno\u015bci: bezpiecze\u0144stwo i elastyczno\u015b\u0107 transakcji<\/h2>\n<p>Sprawna i bezpieczna obs\u0142uga finans\u00f3w to kolejny filar zaufania. Osobi\u015bcie testujemy wszystkie metody p\u0142atno\u015bci, zanim polecimy ci konkretnego buka.<\/p>\n<ul>\n<li>Dost\u0119pne opcje: Sprawdzamy, jakie metody wp\u0142at i wyp\u0142at oferuje bukmacher. Musisz mie\u0107 w tej materii wyb\u00f3r popularnych i bezpiecznych opcji. Karty p\u0142atnicze (Visa, MasterCard), szybkie przelewy bankowe, popularne portfele elektroniczne, krypto czy BLIK. Liczy si\u0119 szybko\u015b\u0107 i wygoda.<\/li>\n<li>Limity i czas realizacji: Analizujemy minimalne i maksymalne kwoty wp\u0142at\/wyp\u0142at oraz deklarowany czas przetwarzania transakcji, zw\u0142aszcza wyp\u0142at. Brak ukrytych op\u0142at i prowizji jest du\u017cym plusem.<\/li>\n<\/ul>\n<h2>Obs\u0142uga klienta: kana\u0142y komunikacji, czas pracy i jej jako\u015b\u0107<\/h2>\n<p>Nawet najlepszym zdarzaj\u0105 si\u0119 drobne wtopy, dlatego jako\u015b\u0107 wsparcia jest dla nas bardzo wa\u017cna.<\/p>\n<ul>\n<li>Dost\u0119pno\u015b\u0107 i kana\u0142y: Oceniamy godziny pracy supportu (idea to 24\/7) oraz dost\u0119pne kana\u0142y kontaktu (czat na \u017cywo, e-mail, telefon, formularz kontaktowy). Preferujemy szybkie i \u0142atwo dost\u0119pne metody, jak czat na \u017cywo, ale sprawdzamy te\u017c, jak u danego operatora wygl\u0105daj\u0105 procedury reklamacyjne.<\/li>\n<li>Jako\u015b\u0107 obs\u0142ugi: Z zegarkiem w r\u0119ku liczymy czas odpowiedzi i kompetencje konsultant\u00f3w. Czy odpowiedzi s\u0105 merytoryczne, profesjonalne i faktycznie rozwi\u0105zuj\u0105 problem?<\/li>\n<\/ul>\n<h2>Reputacja i opinie graczy: g\u0142os spo\u0142eczno\u015bci<\/h2>\n<p>Nasze testy i analizy uzupe\u0142niamy o badanie opinii spo\u0142eczno\u015bci graczy. Informacja z pierwszej r\u0119ki jest na wag\u0119 z\u0142ota!<\/p>\n<ul>\n<li>Monitoring opinii: Sprawdzamy recenzje i dyskusje na niezale\u017cnych forach internetowych i portalach bran\u017cowych. Zwracamy uwag\u0119 na powtarzaj\u0105ce si\u0119 wzorce pozytywnych lub negatywnych komentarzy dotycz\u0105cych np. wyp\u0142at, limit\u00f3w, obs\u0142ugi klienta czy uczciwo\u015bci rozliczania zak\u0142ad\u00f3w.<\/li>\n<li>Wiarygodno\u015b\u0107: Cho\u0107 pojedyncze opinie s\u0105 obarczone subiektywno\u015bci\u0105, z wielu \u017ar\u00f3de\u0142 zawsze wy\u0142ania si\u0119 jaki\u015b sp\u00f3jny obraz.<\/li>\n<\/ul>\n<h2>Podsumowanie<\/h2>\n<p>Jak widzicie, proces wyboru i oceny bukmacher\u00f3w online, kt\u00f3ry stosujemy w naszej redakcji, jest kompleksowy i oparty na wielu kryteriach.<\/p>\n<p>Ka\u017cdy z opisanych punkt\u00f3w ma znaczenie i wp\u0142ywa na ostateczn\u0105 ocen\u0119 operatora. Nie kierujemy si\u0119 sympatiami, a jedynie obiektywn\u0105 analiz\u0105 fakt\u00f3w i danych, zawsze stawiaj\u0105c na pierwszym miejscu bezpiecze\u0144stwo, uczciwo\u015b\u0107 danego buka i komfort gracza.<\/p>\n<p>Mamy nadziej\u0119, \u017ce ten wgl\u0105d w nasz\u0105 prac\u0119 pomo\u017ce wam zrozumie\u0107, co sk\u0142ada si\u0119 na rzetelny ranking i u\u0142atwi wyb\u00f3r bukmachera, kt\u00f3ry najlepiej odpowiada waszym indywidualnym potrzebom.<\/p>\n","protected":false},"excerpt":{"rendered":"<p>W zalewie bukmacherskich marek nie jest \u0142atwo o wyb\u00f3r odpowiedniej i wiarygodnej platformy. Jako redakcja specjalizuj\u0105ca si\u0119 w analizie rynku bukmacherskiego, doskonale rozumiemy efekty tej kl\u0119ski urodzaju. Dlatego naszym celem jest dostarczanie rzetelnych ranking\u00f3w i recenzji, kt\u00f3re pomog\u0105 wam w podj\u0119ciu \u015bwiadomej decyzji. W tym artykule chcemy uchyli\u0107 r\u0105bka tajemnicy i wyja\u015bniamy krok po kroku, &hellip; <\/p>\n","protected":false},"author":48,"featured_media":403,"parent":0,"menu_order":0,"comment_status":"closed","ping_status":"closed","template":"","meta":{"_acf_changed":false,"inline_featured_image":false,"footnotes":""},"class_list":["post-68","page","type-page","status-publish","has-post-thumbnail","hentry"],"acf":[],"yoast_head":"<!-- This site is optimized with the Yoast SEO plugin v27.4 - https:\/\/yoast.com\/product\/yoast-seo-wordpress\/ -->\n<title>Metodologia wyboru najlepszych bukmacher\u00f3w<\/title>\n<meta name=\"description\" content=\"Sprawd\u017a, jakie parametry bierzemy pod uwag\u0119 przy ocenianiu bukmacher\u00f3w. Skorzystaj z eksperckiej wiedzy, zgarniaj freebetyi typuj legalnie!\" \/>\n<meta name=\"robots\" content=\"index, follow, max-snippet:-1, max-image-preview:large, max-video-preview:-1\" \/>\n<link rel=\"canonical\" href=\"https:\/\/kladionica.com\/pl\/jak-oceniamy\/\" \/>\n<meta property=\"og:locale\" content=\"pl_PL\" \/>\n<meta property=\"og:type\" content=\"article\" \/>\n<meta property=\"og:title\" content=\"Metodologia wyboru najlepszych bukmacher\u00f3w\" \/>\n<meta property=\"og:description\" content=\"Sprawd\u017a, jakie parametry bierzemy pod uwag\u0119 przy ocenianiu bukmacher\u00f3w. Skorzystaj z eksperckiej wiedzy, zgarniaj freebetyi typuj legalnie!\" \/>\n<meta property=\"og:url\" content=\"https:\/\/kladionica.com\/pl\/jak-oceniamy\/\" \/>\n<meta property=\"og:site_name\" content=\"Kladionica Poland\" \/>\n<meta property=\"og:image\" content=\"https:\/\/kladionica.com\/pl\/wp-content\/uploads\/sites\/2\/2025\/04\/kladionica-jak-wybieramy.png\" \/>\n\t<meta property=\"og:image:width\" content=\"2400\" \/>\n\t<meta property=\"og:image:height\" content=\"1256\" \/>\n\t<meta property=\"og:image:type\" content=\"image\/png\" \/>\n<meta name=\"twitter:card\" content=\"summary_large_image\" \/>\n<meta name=\"twitter:label1\" content=\"Szacowany czas czytania\" \/>\n\t<meta name=\"twitter:data1\" content=\"7 minut\" \/>\n<script type=\"application\/ld+json\" class=\"yoast-schema-graph\">{\"@context\":\"https:\\\/\\\/schema.org\",\"@graph\":[{\"@type\":\"WebPage\",\"@id\":\"https:\\\/\\\/kladionica.com\\\/pl\\\/jak-oceniamy\\\/\",\"url\":\"https:\\\/\\\/kladionica.com\\\/pl\\\/jak-oceniamy\\\/\",\"name\":\"Metodologia wyboru najlepszych bukmacher\u00f3w\",\"isPartOf\":{\"@id\":\"https:\\\/\\\/kladionica.com\\\/pl\\\/#website\"},\"primaryImageOfPage\":{\"@id\":\"https:\\\/\\\/kladionica.com\\\/pl\\\/jak-oceniamy\\\/#primaryimage\"},\"image\":{\"@id\":\"https:\\\/\\\/kladionica.com\\\/pl\\\/jak-oceniamy\\\/#primaryimage\"},\"thumbnailUrl\":\"https:\\\/\\\/kladionica.com\\\/pl\\\/wp-content\\\/uploads\\\/sites\\\/2\\\/2025\\\/04\\\/kladionica-jak-wybieramy.png\",\"datePublished\":\"2025-04-04T17:17:55+00:00\",\"description\":\"Sprawd\u017a, jakie parametry bierzemy pod uwag\u0119 przy ocenianiu bukmacher\u00f3w. Skorzystaj z eksperckiej wiedzy, zgarniaj freebetyi typuj legalnie!\",\"breadcrumb\":{\"@id\":\"https:\\\/\\\/kladionica.com\\\/pl\\\/jak-oceniamy\\\/#breadcrumb\"},\"inLanguage\":\"pl-PL\",\"potentialAction\":[{\"@type\":\"ReadAction\",\"target\":[\"https:\\\/\\\/kladionica.com\\\/pl\\\/jak-oceniamy\\\/\"]}]},{\"@type\":\"ImageObject\",\"inLanguage\":\"pl-PL\",\"@id\":\"https:\\\/\\\/kladionica.com\\\/pl\\\/jak-oceniamy\\\/#primaryimage\",\"url\":\"https:\\\/\\\/kladionica.com\\\/pl\\\/wp-content\\\/uploads\\\/sites\\\/2\\\/2025\\\/04\\\/kladionica-jak-wybieramy.png\",\"contentUrl\":\"https:\\\/\\\/kladionica.com\\\/pl\\\/wp-content\\\/uploads\\\/sites\\\/2\\\/2025\\\/04\\\/kladionica-jak-wybieramy.png\",\"width\":2400,\"height\":1256,\"caption\":\"Kladionica \u2013 jak wybieramy bukmacher\u00f3w\"},{\"@type\":\"BreadcrumbList\",\"@id\":\"https:\\\/\\\/kladionica.com\\\/pl\\\/jak-oceniamy\\\/#breadcrumb\",\"itemListElement\":[{\"@type\":\"ListItem\",\"position\":1,\"name\":\"Dom\",\"item\":\"https:\\\/\\\/kladionica.com\\\/pl\\\/\"},{\"@type\":\"ListItem\",\"position\":2,\"name\":\"Jak wybieramy najlepszych bukmacher\u00f3w online: kulisy naszych ranking\u00f3w\"}]},{\"@type\":\"WebSite\",\"@id\":\"https:\\\/\\\/kladionica.com\\\/pl\\\/#website\",\"url\":\"https:\\\/\\\/kladionica.com\\\/pl\\\/\",\"name\":\"Kladionica Poland\",\"description\":\"\",\"publisher\":{\"@id\":\"https:\\\/\\\/kladionica.com\\\/pl\\\/#organization\"},\"potentialAction\":[{\"@type\":\"SearchAction\",\"target\":{\"@type\":\"EntryPoint\",\"urlTemplate\":\"https:\\\/\\\/kladionica.com\\\/pl\\\/?s={search_term_string}\"},\"query-input\":{\"@type\":\"PropertyValueSpecification\",\"valueRequired\":true,\"valueName\":\"search_term_string\"}}],\"inLanguage\":\"pl-PL\"},{\"@type\":\"Organization\",\"@id\":\"https:\\\/\\\/kladionica.com\\\/pl\\\/#organization\",\"name\":\"Kladionica Poland\",\"url\":\"https:\\\/\\\/kladionica.com\\\/pl\\\/\",\"logo\":{\"@type\":\"ImageObject\",\"inLanguage\":\"pl-PL\",\"@id\":\"https:\\\/\\\/kladionica.com\\\/pl\\\/#\\\/schema\\\/logo\\\/image\\\/\",\"url\":\"https:\\\/\\\/kladionica.com\\\/pl\\\/wp-content\\\/uploads\\\/sites\\\/2\\\/2025\\\/03\\\/logo-footer.svg\",\"contentUrl\":\"https:\\\/\\\/kladionica.com\\\/pl\\\/wp-content\\\/uploads\\\/sites\\\/2\\\/2025\\\/03\\\/logo-footer.svg\",\"width\":207,\"height\":38,\"caption\":\"Kladionica Poland\"},\"image\":{\"@id\":\"https:\\\/\\\/kladionica.com\\\/pl\\\/#\\\/schema\\\/logo\\\/image\\\/\"}}]}<\/script>\n<!-- \/ Yoast SEO plugin. -->","yoast_head_json":{"title":"Metodologia wyboru najlepszych bukmacher\u00f3w","description":"Sprawd\u017a, jakie parametry bierzemy pod uwag\u0119 przy ocenianiu bukmacher\u00f3w. Skorzystaj z eksperckiej wiedzy, zgarniaj freebetyi typuj legalnie!","robots":{"index":"index","follow":"follow","max-snippet":"max-snippet:-1","max-image-preview":"max-image-preview:large","max-video-preview":"max-video-preview:-1"},"canonical":"https:\/\/kladionica.com\/pl\/jak-oceniamy\/","og_locale":"pl_PL","og_type":"article","og_title":"Metodologia wyboru najlepszych bukmacher\u00f3w","og_description":"Sprawd\u017a, jakie parametry bierzemy pod uwag\u0119 przy ocenianiu bukmacher\u00f3w. Skorzystaj z eksperckiej wiedzy, zgarniaj freebetyi typuj legalnie!","og_url":"https:\/\/kladionica.com\/pl\/jak-oceniamy\/","og_site_name":"Kladionica Poland","og_image":[{"width":2400,"height":1256,"url":"https:\/\/kladionica.com\/pl\/wp-content\/uploads\/sites\/2\/2025\/04\/kladionica-jak-wybieramy.png","type":"image\/png"}],"twitter_card":"summary_large_image","twitter_misc":{"Szacowany czas czytania":"7 minut"},"schema":{"@context":"https:\/\/schema.org","@graph":[{"@type":"WebPage","@id":"https:\/\/kladionica.com\/pl\/jak-oceniamy\/","url":"https:\/\/kladionica.com\/pl\/jak-oceniamy\/","name":"Metodologia wyboru najlepszych bukmacher\u00f3w","isPartOf":{"@id":"https:\/\/kladionica.com\/pl\/#website"},"primaryImageOfPage":{"@id":"https:\/\/kladionica.com\/pl\/jak-oceniamy\/#primaryimage"},"image":{"@id":"https:\/\/kladionica.com\/pl\/jak-oceniamy\/#primaryimage"},"thumbnailUrl":"https:\/\/kladionica.com\/pl\/wp-content\/uploads\/sites\/2\/2025\/04\/kladionica-jak-wybieramy.png","datePublished":"2025-04-04T17:17:55+00:00","description":"Sprawd\u017a, jakie parametry bierzemy pod uwag\u0119 przy ocenianiu bukmacher\u00f3w. Skorzystaj z eksperckiej wiedzy, zgarniaj freebetyi typuj legalnie!","breadcrumb":{"@id":"https:\/\/kladionica.com\/pl\/jak-oceniamy\/#breadcrumb"},"inLanguage":"pl-PL","potentialAction":[{"@type":"ReadAction","target":["https:\/\/kladionica.com\/pl\/jak-oceniamy\/"]}]},{"@type":"ImageObject","inLanguage":"pl-PL","@id":"https:\/\/kladionica.com\/pl\/jak-oceniamy\/#primaryimage","url":"https:\/\/kladionica.com\/pl\/wp-content\/uploads\/sites\/2\/2025\/04\/kladionica-jak-wybieramy.png","contentUrl":"https:\/\/kladionica.com\/pl\/wp-content\/uploads\/sites\/2\/2025\/04\/kladionica-jak-wybieramy.png","width":2400,"height":1256,"caption":"Kladionica \u2013 jak wybieramy bukmacher\u00f3w"},{"@type":"BreadcrumbList","@id":"https:\/\/kladionica.com\/pl\/jak-oceniamy\/#breadcrumb","itemListElement":[{"@type":"ListItem","position":1,"name":"Dom","item":"https:\/\/kladionica.com\/pl\/"},{"@type":"ListItem","position":2,"name":"Jak wybieramy najlepszych bukmacher\u00f3w online: kulisy naszych ranking\u00f3w"}]},{"@type":"WebSite","@id":"https:\/\/kladionica.com\/pl\/#website","url":"https:\/\/kladionica.com\/pl\/","name":"Kladionica Poland","description":"","publisher":{"@id":"https:\/\/kladionica.com\/pl\/#organization"},"potentialAction":[{"@type":"SearchAction","target":{"@type":"EntryPoint","urlTemplate":"https:\/\/kladionica.com\/pl\/?s={search_term_string}"},"query-input":{"@type":"PropertyValueSpecification","valueRequired":true,"valueName":"search_term_string"}}],"inLanguage":"pl-PL"},{"@type":"Organization","@id":"https:\/\/kladionica.com\/pl\/#organization","name":"Kladionica Poland","url":"https:\/\/kladionica.com\/pl\/","logo":{"@type":"ImageObject","inLanguage":"pl-PL","@id":"https:\/\/kladionica.com\/pl\/#\/schema\/logo\/image\/","url":"https:\/\/kladionica.com\/pl\/wp-content\/uploads\/sites\/2\/2025\/03\/logo-footer.svg","contentUrl":"https:\/\/kladionica.com\/pl\/wp-content\/uploads\/sites\/2\/2025\/03\/logo-footer.svg","width":207,"height":38,"caption":"Kladionica Poland"},"image":{"@id":"https:\/\/kladionica.com\/pl\/#\/schema\/logo\/image\/"}}]}},"_links":{"self":[{"href":"https:\/\/kladionica.com\/pl\/wp-json\/wp\/v2\/pages\/68","targetHints":{"allow":["GET"]}}],"collection":[{"href":"https:\/\/kladionica.com\/pl\/wp-json\/wp\/v2\/pages"}],"about":[{"href":"https:\/\/kladionica.com\/pl\/wp-json\/wp\/v2\/types\/page"}],"author":[{"embeddable":true,"href":"https:\/\/kladionica.com\/pl\/wp-json\/wp\/v2\/users\/48"}],"replies":[{"embeddable":true,"href":"https:\/\/kladionica.com\/pl\/wp-json\/wp\/v2\/comments?post=68"}],"version-history":[{"count":0,"href":"https:\/\/kladionica.com\/pl\/wp-json\/wp\/v2\/pages\/68\/revisions"}],"wp:featuredmedia":[{"embeddable":true,"href":"https:\/\/kladionica.com\/pl\/wp-json\/wp\/v2\/media\/403"}],"wp:attachment":[{"href":"https:\/\/kladionica.com\/pl\/wp-json\/wp\/v2\/media?parent=68"}],"curies":[{"name":"wp","href":"https:\/\/api.w.org\/{rel}","templated":true}]}}