{"id":407,"date":"2025-04-23T10:14:13","date_gmt":"2025-04-23T10:14:13","guid":{"rendered":"https:\/\/kladionica.com\/pl\/?page_id=407"},"modified":"2025-04-23T10:14:13","modified_gmt":"2025-04-23T10:14:13","slug":"authors","status":"publish","type":"page","link":"https:\/\/kladionica.com\/pl\/authors\/","title":{"rendered":"Poznaj autor\u00f3w Kladionica.com"},"content":{"rendered":"<div><div  class=\"su-table su-table-responsive su-table-alternate\">\n<div class=\"meet_the_team__wrapper about_us \">\n    \n    <div class=\"meet_the_team__header\">\n        <div class=\"meet_the_team__title\">Nasi eksperci<\/div>\n        <div class=\"meet_the_team__all_contributors\"><\/div>\n    <\/div>\n    <div class=\"meet_the_team__contributors_items_wrapper\">\n        <div class=\"meet_the_team__item-wrapper {{ SOCIAL_CLASS }}\">\n    <div class=\"meet_the_team__user_info\">\n        <div class=\"meet_the_team__user_logo\">\n            <img decoding=\"async\" src=\"https:\/\/kladionica.com\/pl\/wp-content\/uploads\/sites\/2\/2025\/04\/image-148x148.jpg\" width=\"96\" height=\"96\" alt=\"Hubert Zarzycki\" class=\"avatar avatar-96 wp-user-avatar wp-user-avatar-96 alignnone photo\" \/>\n        <\/div>\n        <div class=\"meet_the_team__user_name\">\n            Hubert Zarzycki\n        <\/div>\n        <div class=\"author_section__label__wrapper\">\n            <div class=\"author_section__label_icon\">\n                \n                    \n                        \n                    \n                    \n                        \n                            \n                        \n                    \n                \n            <\/div>\n            <div class=\"author_section__label\">\n                Ekspert od Zak\u0142ad\u00f3w Bukmacherskich\n            <\/div>\n        <\/div>\n        <div class=\"meet_the_team__user_socials\">\n            \n            \n            <a href=\"https:\/\/twitter.com\/HZarzycki38435\" rel=\"nofollow\" target=\"_blank\" class=\"meet-the-team__social fi-global__background-image__twitter\"><\/a>\n            \n        <\/div>\n        <div class=\"meet_the_team__user_description\">\n            Z wykszta\u0142cenia ekonomista po licencjacie na Uniwersytecie Szczeci\u0144skim i magistrze w Szkole G\u0142\u00f3wnej Handlowej, zawodowo ekspert ze \u015bwiata bukmacherki. Osobi\u015bcie zawsze interesowa\u0142 si\u0119 dziennikarstwem, zw\u0142aszcza sportowym. Dzisiaj stara si\u0119 je kultywowa\u0107 w formie tworzenia tre\u015bci o zak\u0142adach sportowych, czym zajmuje si\u0119 ju\u017c od lat. Prywatnie fan najwi\u0119kszego klubu w Anglii, Manchesteru United, i oczywi\u015bcie reprezentacji Polski. Mimo \u017ce ogl\u0105danie obu zespo\u0142\u00f3w ostatnimi czasy wywo\u0142uje wi\u0119cej stresu ni\u017c rado\u015bci.\n        <\/div>\n    <\/div>\n    <div class=\"meet_the_team__user_detail_link_mobile_wrapper \">\n        <div class=\"meet_the_team__user_detail_link_mobile\">\n            <a class=\"meet_the_team__user_detail_link\" href=\"https:\/\/kladionica.com\/pl\/author\/zarzyckih\/\">Profil<\/a>\n            \n                \n            \n        <\/div>\n    <\/div>\n\n<\/div>\n<div class=\"meet_the_team__item-wrapper {{ SOCIAL_CLASS }}\">\n    <div class=\"meet_the_team__user_info\">\n        <div class=\"meet_the_team__user_logo\">\n            <img decoding=\"async\" src=\"https:\/\/kladionica.com\/pl\/wp-content\/uploads\/sites\/2\/2025\/04\/jwisniewska-148x148.png\" width=\"96\" height=\"96\" alt=\"Joanna Wi\u015bniewska\" class=\"avatar avatar-96 wp-user-avatar wp-user-avatar-96 alignnone photo\" \/>\n        <\/div>\n        <div class=\"meet_the_team__user_name\">\n            Joanna Wi\u015bniewska\n        <\/div>\n        <div class=\"author_section__label__wrapper\">\n            <div class=\"author_section__label_icon\">\n                \n                    \n                        \n                    \n                    \n                        \n                            \n                        \n                    \n                \n            <\/div>\n            <div class=\"author_section__label\">\n                Ekspert od Zak\u0142ad\u00f3w Bukmacherskich\n            <\/div>\n        <\/div>\n        <div class=\"meet_the_team__user_socials\">\n            \n            \n            <a href=\"https:\/\/twitter.com\/wjoanna81 \" rel=\"nofollow\" target=\"_blank\" class=\"meet-the-team__social fi-global__background-image__twitter\"><\/a>\n            \n        <\/div>\n        <div class=\"meet_the_team__user_description\">\n            Specjalistka w dziedzinie zak\u0142ad\u00f3w bukmacherskich, iGamingu oraz technologii zwi\u0105zanych z hazardem online. Uko\u0144czy\u0142a studia z zakresu finans\u00f3w i bankowo\u015bci na Uniwersytecie Ekonomicznym w Poznaniu. Od kilku lat tworzy profesjonalne tre\u015bci dla bran\u017cy iGamingowej oraz technologii. Zajmuje si\u0119 analiz\u0105 rynk\u00f3w, por\u00f3wnywaniem ofert operator\u00f3w oraz doradztwem w zakresie strategii typowania.\n        <\/div>\n    <\/div>\n    <div class=\"meet_the_team__user_detail_link_mobile_wrapper \">\n        <div class=\"meet_the_team__user_detail_link_mobile\">\n            <a class=\"meet_the_team__user_detail_link\" href=\"https:\/\/kladionica.com\/pl\/author\/joannawisniewska\/\">Profil<\/a>\n            \n                \n            \n        <\/div>\n    <\/div>\n\n<\/div>\n<div class=\"meet_the_team__item-wrapper {{ SOCIAL_CLASS }}\">\n    <div class=\"meet_the_team__user_info\">\n        <div class=\"meet_the_team__user_logo\">\n            <img decoding=\"async\" src=\"https:\/\/kladionica.com\/pl\/wp-content\/uploads\/sites\/2\/2025\/04\/samuel-makowski-148x148.jpg\" width=\"96\" height=\"96\" alt=\"Samuel Makowski\" class=\"avatar avatar-96 wp-user-avatar wp-user-avatar-96 alignnone photo\" \/>\n        <\/div>\n        <div class=\"meet_the_team__user_name\">\n            Samuel Makowski\n        <\/div>\n        <div class=\"author_section__label__wrapper\" style=\"background: #ddf0f1\">\n            <div class=\"author_section__label_icon\" style=\"background: #bce2e6\">\n                \n                    \n                        \n                    \n                    \n                        \n                            \n                        \n                    \n                \n            <\/div>\n            <div class=\"author_section__label\" style=\"color: #000000\">\n                Ekspert od kasyn\n            <\/div>\n        <\/div>\n        <div class=\"meet_the_team__user_socials\">\n            \n            \n            <a href=\"https:\/\/twitter.com\/makowski_samuel\" rel=\"nofollow\" target=\"_blank\" class=\"meet-the-team__social fi-global__background-image__twitter\"><\/a>\n            \n        <\/div>\n        <div class=\"meet_the_team__user_description\">\n            Znawca kasyn online i pasjonat gier z wieloletnim do\u015bwiadczeniem. Uwielbia odkrywa\u0107 nowo\u015bci, od slot\u00f3w z ciekawymi mechanikami, jak Money Train 2, po anga\u017cuj\u0105ce gry na \u017cywo w stylu Adventures Beyond Wonderland Live. Swoje do\u015bwiadczenia z osobistego testowania platform kasynowych dla kladionica.com\/pl przek\u0142ada na tworzenie warto\u015bciowych poradnik\u00f3w, kt\u00f3re krok po kroku wprowadzaj\u0105 czytelnik\u00f3w w \u015bwiat hazardu online. Prywatnie mi\u0142o\u015bnik ps\u00f3w, ka\u017cd\u0105 woln\u0105 chwil\u0119 wykorzystuje na szkolenie i zabaw\u0119 ze swoim Border Collie.\n        <\/div>\n    <\/div>\n    <div class=\"meet_the_team__user_detail_link_mobile_wrapper \">\n        <div class=\"meet_the_team__user_detail_link_mobile\">\n            <a class=\"meet_the_team__user_detail_link\" href=\"https:\/\/kladionica.com\/pl\/author\/samuelmakowsk\/\">Profil<\/a>\n            \n                \n            \n        <\/div>\n    <\/div>\n\n<\/div>\n<div class=\"meet_the_team__item-wrapper {{ SOCIAL_CLASS }}\">\n    <div class=\"meet_the_team__user_info\">\n        <div class=\"meet_the_team__user_logo\">\n            <img decoding=\"async\" src=\"https:\/\/kladionica.com\/pl\/wp-content\/uploads\/sites\/2\/2025\/04\/84b371e9-5b3f-4d5b-9009-04fa84fedadd-1-148x148.png\" width=\"96\" height=\"96\" alt=\"Tomasz Kowalski\" class=\"avatar avatar-96 wp-user-avatar wp-user-avatar-96 alignnone photo\" \/>\n        <\/div>\n        <div class=\"meet_the_team__user_name\">\n            Tomasz Kowalski\n        <\/div>\n        <div class=\"author_section__label__wrapper\" style=\"background: #ddf0f1\">\n            <div class=\"author_section__label_icon\" style=\"background: #bce2e6\">\n                \n                    \n                        \n                    \n                    \n                        \n                            \n                        \n                    \n                \n            <\/div>\n            <div class=\"author_section__label\" style=\"color: #000000\">\n                Ekspert od kasyn\n            <\/div>\n        <\/div>\n        <div class=\"meet_the_team__user_socials\">\n            \n            <a href=\"https:\/\/www.linkedin.com\/in\/tomasz-kowalski-5a3164313\/\" rel=\"nofollow\" target=\"_blank\" class=\"meet-the-team__social fi-global__background-image__linkedin\"><\/a>\n            <a href=\"https:\/\/twitter.com\/t_kowalskiii\" rel=\"nofollow\" target=\"_blank\" class=\"meet-the-team__social fi-global__background-image__twitter\"><\/a>\n            \n        <\/div>\n        <div class=\"meet_the_team__user_description\">\n            Magister Ekonomii Mi\u0119dzynarodowej po Uniwersytecie \u0141\u00f3dzkim, kt\u00f3ry od ponad dekady zajmuje si\u0119 \u015bwiatem kasyn online. Tomasz przez lata testowa\u0142 setki automat\u00f3w, gier karcianych i sto\u0142owych, a jego specjalno\u015bci\u0105 sta\u0142y si\u0119 analizy trend\u00f3w w bran\u017cy hazardowej. Cho\u0107 zawodowo skupia si\u0119 na faktach i liczbach, prywatnie nie ukrywa s\u0142abo\u015bci do klasycznych \u201ejednor\u0119kich bandyt\u00f3w\u201d i pokera. Na co dzie\u0144 tworzy recenzje, poradniki i rankingi kasyn, z naciskiem na bezpiecze\u0144stwo i odpowiedzialn\u0105 gr\u0119. Gdy akurat nie testuje nowych slot\u00f3w, najch\u0119tniej podr\u00f3\u017cuje lub szuka lokalnych kasyn w mniej oczywistych miejscach.\n        <\/div>\n    <\/div>\n    <div class=\"meet_the_team__user_detail_link_mobile_wrapper \">\n        <div class=\"meet_the_team__user_detail_link_mobile\">\n            <a class=\"meet_the_team__user_detail_link\" href=\"https:\/\/kladionica.com\/pl\/author\/tkowalskiii\/\">Profil<\/a>\n            \n                \n            \n        <\/div>\n    <\/div>\n\n<\/div>\n\n    <\/div>\n    \n<\/div>\n\n<\/div><\/div>\n","protected":false},"excerpt":{"rendered":"","protected":false},"author":53,"featured_media":411,"parent":0,"menu_order":0,"comment_status":"closed","ping_status":"closed","template":"template-fullwidth.blade.php","meta":{"_acf_changed":false,"inline_featured_image":false,"footnotes":""},"class_list":["post-407","page","type-page","status-publish","has-post-thumbnail","hentry"],"acf":[],"yoast_head":"<!-- This site is optimized with the Yoast SEO plugin v27.4 - https:\/\/yoast.com\/product\/yoast-seo-wordpress\/ -->\n<title>Poznaj autor\u00f3w Kladionica.com - Kladionica Poland<\/title>\n<meta name=\"description\" content=\"Dowiedz si\u0119 wi\u0119cej o ekspertach od zak\u0142ad\u00f3w bukmacherskich i kasyn z Kladionica Poland \u2013 oto autorzy naszych przewodnik\u00f3w i recenzji.\" \/>\n<meta name=\"robots\" content=\"index, follow, max-snippet:-1, max-image-preview:large, max-video-preview:-1\" \/>\n<link rel=\"canonical\" href=\"https:\/\/kladionica.com\/pl\/authors\/\" \/>\n<meta property=\"og:locale\" content=\"pl_PL\" \/>\n<meta property=\"og:type\" content=\"article\" \/>\n<meta property=\"og:title\" content=\"Poznaj autor\u00f3w Kladionica.com - Kladionica Poland\" \/>\n<meta property=\"og:description\" content=\"Dowiedz si\u0119 wi\u0119cej o ekspertach od zak\u0142ad\u00f3w bukmacherskich i kasyn z Kladionica Poland \u2013 oto autorzy naszych przewodnik\u00f3w i recenzji.\" \/>\n<meta property=\"og:url\" content=\"https:\/\/kladionica.com\/pl\/authors\/\" \/>\n<meta property=\"og:site_name\" content=\"Kladionica Poland\" \/>\n<meta property=\"og:image\" content=\"https:\/\/kladionica.com\/pl\/wp-content\/uploads\/sites\/2\/2025\/04\/kladionica-autorzy.png\" \/>\n\t<meta property=\"og:image:width\" content=\"2400\" \/>\n\t<meta property=\"og:image:height\" content=\"1256\" \/>\n\t<meta property=\"og:image:type\" content=\"image\/png\" \/>\n<meta name=\"twitter:card\" content=\"summary_large_image\" \/>\n<meta name=\"twitter:label1\" content=\"Szacowany czas czytania\" \/>\n\t<meta name=\"twitter:data1\" content=\"1 minuta\" \/>\n<script type=\"application\/ld+json\" class=\"yoast-schema-graph\">{\"@context\":\"https:\\\/\\\/schema.org\",\"@graph\":[{\"@type\":\"WebPage\",\"@id\":\"https:\\\/\\\/kladionica.com\\\/pl\\\/authors\\\/\",\"url\":\"https:\\\/\\\/kladionica.com\\\/pl\\\/authors\\\/\",\"name\":\"Poznaj autor\u00f3w Kladionica.com - Kladionica Poland\",\"isPartOf\":{\"@id\":\"https:\\\/\\\/kladionica.com\\\/pl\\\/#website\"},\"primaryImageOfPage\":{\"@id\":\"https:\\\/\\\/kladionica.com\\\/pl\\\/authors\\\/#primaryimage\"},\"image\":{\"@id\":\"https:\\\/\\\/kladionica.com\\\/pl\\\/authors\\\/#primaryimage\"},\"thumbnailUrl\":\"https:\\\/\\\/kladionica.com\\\/pl\\\/wp-content\\\/uploads\\\/sites\\\/2\\\/2025\\\/04\\\/kladionica-autorzy.png\",\"datePublished\":\"2025-04-23T10:14:13+00:00\",\"description\":\"Dowiedz si\u0119 wi\u0119cej o ekspertach od zak\u0142ad\u00f3w bukmacherskich i kasyn z Kladionica Poland \u2013 oto autorzy naszych przewodnik\u00f3w i recenzji.\",\"breadcrumb\":{\"@id\":\"https:\\\/\\\/kladionica.com\\\/pl\\\/authors\\\/#breadcrumb\"},\"inLanguage\":\"pl-PL\",\"potentialAction\":[{\"@type\":\"ReadAction\",\"target\":[\"https:\\\/\\\/kladionica.com\\\/pl\\\/authors\\\/\"]}]},{\"@type\":\"ImageObject\",\"inLanguage\":\"pl-PL\",\"@id\":\"https:\\\/\\\/kladionica.com\\\/pl\\\/authors\\\/#primaryimage\",\"url\":\"https:\\\/\\\/kladionica.com\\\/pl\\\/wp-content\\\/uploads\\\/sites\\\/2\\\/2025\\\/04\\\/kladionica-autorzy.png\",\"contentUrl\":\"https:\\\/\\\/kladionica.com\\\/pl\\\/wp-content\\\/uploads\\\/sites\\\/2\\\/2025\\\/04\\\/kladionica-autorzy.png\",\"width\":2400,\"height\":1256,\"caption\":\"Kladionica \u2013 autorzy\"},{\"@type\":\"BreadcrumbList\",\"@id\":\"https:\\\/\\\/kladionica.com\\\/pl\\\/authors\\\/#breadcrumb\",\"itemListElement\":[{\"@type\":\"ListItem\",\"position\":1,\"name\":\"Dom\",\"item\":\"https:\\\/\\\/kladionica.com\\\/pl\\\/\"},{\"@type\":\"ListItem\",\"position\":2,\"name\":\"Poznaj autor\u00f3w Kladionica.com\"}]},{\"@type\":\"WebSite\",\"@id\":\"https:\\\/\\\/kladionica.com\\\/pl\\\/#website\",\"url\":\"https:\\\/\\\/kladionica.com\\\/pl\\\/\",\"name\":\"Kladionica Poland\",\"description\":\"\",\"publisher\":{\"@id\":\"https:\\\/\\\/kladionica.com\\\/pl\\\/#organization\"},\"potentialAction\":[{\"@type\":\"SearchAction\",\"target\":{\"@type\":\"EntryPoint\",\"urlTemplate\":\"https:\\\/\\\/kladionica.com\\\/pl\\\/?s={search_term_string}\"},\"query-input\":{\"@type\":\"PropertyValueSpecification\",\"valueRequired\":true,\"valueName\":\"search_term_string\"}}],\"inLanguage\":\"pl-PL\"},{\"@type\":\"Organization\",\"@id\":\"https:\\\/\\\/kladionica.com\\\/pl\\\/#organization\",\"name\":\"Kladionica Poland\",\"url\":\"https:\\\/\\\/kladionica.com\\\/pl\\\/\",\"logo\":{\"@type\":\"ImageObject\",\"inLanguage\":\"pl-PL\",\"@id\":\"https:\\\/\\\/kladionica.com\\\/pl\\\/#\\\/schema\\\/logo\\\/image\\\/\",\"url\":\"https:\\\/\\\/kladionica.com\\\/pl\\\/wp-content\\\/uploads\\\/sites\\\/2\\\/2025\\\/03\\\/logo-footer.svg\",\"contentUrl\":\"https:\\\/\\\/kladionica.com\\\/pl\\\/wp-content\\\/uploads\\\/sites\\\/2\\\/2025\\\/03\\\/logo-footer.svg\",\"width\":207,\"height\":38,\"caption\":\"Kladionica Poland\"},\"image\":{\"@id\":\"https:\\\/\\\/kladionica.com\\\/pl\\\/#\\\/schema\\\/logo\\\/image\\\/\"}}]}<\/script>\n<!-- \/ Yoast SEO plugin. -->","yoast_head_json":{"title":"Poznaj autor\u00f3w Kladionica.com - Kladionica Poland","description":"Dowiedz si\u0119 wi\u0119cej o ekspertach od zak\u0142ad\u00f3w bukmacherskich i kasyn z Kladionica Poland \u2013 oto autorzy naszych przewodnik\u00f3w i recenzji.","robots":{"index":"index","follow":"follow","max-snippet":"max-snippet:-1","max-image-preview":"max-image-preview:large","max-video-preview":"max-video-preview:-1"},"canonical":"https:\/\/kladionica.com\/pl\/authors\/","og_locale":"pl_PL","og_type":"article","og_title":"Poznaj autor\u00f3w Kladionica.com - Kladionica Poland","og_description":"Dowiedz si\u0119 wi\u0119cej o ekspertach od zak\u0142ad\u00f3w bukmacherskich i kasyn z Kladionica Poland \u2013 oto autorzy naszych przewodnik\u00f3w i recenzji.","og_url":"https:\/\/kladionica.com\/pl\/authors\/","og_site_name":"Kladionica Poland","og_image":[{"width":2400,"height":1256,"url":"https:\/\/kladionica.com\/pl\/wp-content\/uploads\/sites\/2\/2025\/04\/kladionica-autorzy.png","type":"image\/png"}],"twitter_card":"summary_large_image","twitter_misc":{"Szacowany czas czytania":"1 minuta"},"schema":{"@context":"https:\/\/schema.org","@graph":[{"@type":"WebPage","@id":"https:\/\/kladionica.com\/pl\/authors\/","url":"https:\/\/kladionica.com\/pl\/authors\/","name":"Poznaj autor\u00f3w Kladionica.com - Kladionica Poland","isPartOf":{"@id":"https:\/\/kladionica.com\/pl\/#website"},"primaryImageOfPage":{"@id":"https:\/\/kladionica.com\/pl\/authors\/#primaryimage"},"image":{"@id":"https:\/\/kladionica.com\/pl\/authors\/#primaryimage"},"thumbnailUrl":"https:\/\/kladionica.com\/pl\/wp-content\/uploads\/sites\/2\/2025\/04\/kladionica-autorzy.png","datePublished":"2025-04-23T10:14:13+00:00","description":"Dowiedz si\u0119 wi\u0119cej o ekspertach od zak\u0142ad\u00f3w bukmacherskich i kasyn z Kladionica Poland \u2013 oto autorzy naszych przewodnik\u00f3w i recenzji.","breadcrumb":{"@id":"https:\/\/kladionica.com\/pl\/authors\/#breadcrumb"},"inLanguage":"pl-PL","potentialAction":[{"@type":"ReadAction","target":["https:\/\/kladionica.com\/pl\/authors\/"]}]},{"@type":"ImageObject","inLanguage":"pl-PL","@id":"https:\/\/kladionica.com\/pl\/authors\/#primaryimage","url":"https:\/\/kladionica.com\/pl\/wp-content\/uploads\/sites\/2\/2025\/04\/kladionica-autorzy.png","contentUrl":"https:\/\/kladionica.com\/pl\/wp-content\/uploads\/sites\/2\/2025\/04\/kladionica-autorzy.png","width":2400,"height":1256,"caption":"Kladionica \u2013 autorzy"},{"@type":"BreadcrumbList","@id":"https:\/\/kladionica.com\/pl\/authors\/#breadcrumb","itemListElement":[{"@type":"ListItem","position":1,"name":"Dom","item":"https:\/\/kladionica.com\/pl\/"},{"@type":"ListItem","position":2,"name":"Poznaj autor\u00f3w Kladionica.com"}]},{"@type":"WebSite","@id":"https:\/\/kladionica.com\/pl\/#website","url":"https:\/\/kladionica.com\/pl\/","name":"Kladionica Poland","description":"","publisher":{"@id":"https:\/\/kladionica.com\/pl\/#organization"},"potentialAction":[{"@type":"SearchAction","target":{"@type":"EntryPoint","urlTemplate":"https:\/\/kladionica.com\/pl\/?s={search_term_string}"},"query-input":{"@type":"PropertyValueSpecification","valueRequired":true,"valueName":"search_term_string"}}],"inLanguage":"pl-PL"},{"@type":"Organization","@id":"https:\/\/kladionica.com\/pl\/#organization","name":"Kladionica Poland","url":"https:\/\/kladionica.com\/pl\/","logo":{"@type":"ImageObject","inLanguage":"pl-PL","@id":"https:\/\/kladionica.com\/pl\/#\/schema\/logo\/image\/","url":"https:\/\/kladionica.com\/pl\/wp-content\/uploads\/sites\/2\/2025\/03\/logo-footer.svg","contentUrl":"https:\/\/kladionica.com\/pl\/wp-content\/uploads\/sites\/2\/2025\/03\/logo-footer.svg","width":207,"height":38,"caption":"Kladionica Poland"},"image":{"@id":"https:\/\/kladionica.com\/pl\/#\/schema\/logo\/image\/"}}]}},"_links":{"self":[{"href":"https:\/\/kladionica.com\/pl\/wp-json\/wp\/v2\/pages\/407","targetHints":{"allow":["GET"]}}],"collection":[{"href":"https:\/\/kladionica.com\/pl\/wp-json\/wp\/v2\/pages"}],"about":[{"href":"https:\/\/kladionica.com\/pl\/wp-json\/wp\/v2\/types\/page"}],"author":[{"embeddable":true,"href":"https:\/\/kladionica.com\/pl\/wp-json\/wp\/v2\/users\/53"}],"replies":[{"embeddable":true,"href":"https:\/\/kladionica.com\/pl\/wp-json\/wp\/v2\/comments?post=407"}],"version-history":[{"count":0,"href":"https:\/\/kladionica.com\/pl\/wp-json\/wp\/v2\/pages\/407\/revisions"}],"wp:featuredmedia":[{"embeddable":true,"href":"https:\/\/kladionica.com\/pl\/wp-json\/wp\/v2\/media\/411"}],"wp:attachment":[{"href":"https:\/\/kladionica.com\/pl\/wp-json\/wp\/v2\/media?parent=407"}],"curies":[{"name":"wp","href":"https:\/\/api.w.org\/{rel}","templated":true}]}}