{"id":188,"date":"2025-04-08T14:26:47","date_gmt":"2025-04-08T14:26:47","guid":{"rendered":"https:\/\/kladionica.com\/pl\/?page_id=188"},"modified":"2025-04-08T14:26:47","modified_gmt":"2025-04-08T14:26:47","slug":"kontakt","status":"publish","type":"page","link":"https:\/\/kladionica.com\/pl\/kontakt\/","title":{"rendered":"Kontakt"},"content":{"rendered":"<p>Masz pytania, sugestie lub potrzebujesz dodatkowych informacji? Napisz do nas \u2013 ch\u0119tnie odpowiemy na ka\u017cd\u0105 wiadomo\u015b\u0107.<\/p>\n\n<div class=\"wpcf7 no-js\" id=\"wpcf7-f190-o1\" lang=\"pl-PL\" dir=\"ltr\" data-wpcf7-id=\"190\">\n<div class=\"screen-reader-response\"><p role=\"status\" aria-live=\"polite\" aria-atomic=\"true\"><\/p> <ul><\/ul><\/div>\n<form action=\"\/pl\/wp-json\/wp\/v2\/pages\/188#wpcf7-f190-o1\" method=\"post\" class=\"wpcf7-form init\" aria-label=\"Formularz kontaktowy\" novalidate=\"novalidate\" data-status=\"init\">\n<fieldset class=\"hidden-fields-container\"><input type=\"hidden\" name=\"_wpcf7\" value=\"190\" \/><input type=\"hidden\" name=\"_wpcf7_version\" value=\"6.1.5\" \/><input type=\"hidden\" name=\"_wpcf7_locale\" value=\"pl_PL\" \/><input type=\"hidden\" name=\"_wpcf7_unit_tag\" value=\"wpcf7-f190-o1\" \/><input type=\"hidden\" name=\"_wpcf7_container_post\" value=\"0\" \/><input type=\"hidden\" name=\"_wpcf7_posted_data_hash\" value=\"\" \/>\n<\/fieldset>\n<label> Imi\u0119 i nazwisko: <br>\n    <span class=\"wpcf7-form-control-wrap\" data-name=\"your-name\"><input size=\"40\" maxlength=\"400\" class=\"wpcf7-form-control wpcf7-text wpcf7-validates-as-required\" autocomplete=\"name\" aria-required=\"true\" aria-invalid=\"false\" value=\"\" type=\"text\" name=\"your-name\" \/><\/span> <\/label>\n<br>\n<label> Tw\u00f3j adres e-mail: <br>\n    <span class=\"wpcf7-form-control-wrap\" data-name=\"your-email\"><input size=\"40\" maxlength=\"400\" class=\"wpcf7-form-control wpcf7-email wpcf7-validates-as-required wpcf7-text wpcf7-validates-as-email\" autocomplete=\"email\" aria-required=\"true\" aria-invalid=\"false\" value=\"\" type=\"email\" name=\"your-email\" \/><\/span> <\/label>\n<br>\n<label> Temat wiadomo\u015bci: <br>\n    <span class=\"wpcf7-form-control-wrap\" data-name=\"your-subject\"><input size=\"40\" maxlength=\"400\" class=\"wpcf7-form-control wpcf7-text wpcf7-validates-as-required\" aria-required=\"true\" aria-invalid=\"false\" value=\"\" type=\"text\" name=\"your-subject\" \/><\/span> <\/label>\n<br>\n<label> Twoja wiadomo\u015b\u0107:<br>\n    <span class=\"wpcf7-form-control-wrap\" data-name=\"your-message\"><textarea cols=\"40\" rows=\"10\" maxlength=\"2000\" class=\"wpcf7-form-control wpcf7-textarea\" aria-invalid=\"false\" name=\"your-message\"><\/textarea><\/span> <\/label>\n<br>\n<input class=\"wpcf7-form-control wpcf7-submit has-spinner\" type=\"submit\" value=\"Wy\u015blij\" \/><div class=\"wpcf7-response-output\" aria-hidden=\"true\"><\/div>\n<\/form>\n<\/div>\n\n","protected":false},"excerpt":{"rendered":"<p>Masz pytania, sugestie lub potrzebujesz dodatkowych informacji? Napisz do nas \u2013 ch\u0119tnie odpowiemy na ka\u017cd\u0105 wiadomo\u015b\u0107.<\/p>\n","protected":false},"author":47,"featured_media":404,"parent":0,"menu_order":0,"comment_status":"closed","ping_status":"closed","template":"template-collaborate.blade.php","meta":{"_acf_changed":false,"inline_featured_image":false,"footnotes":""},"class_list":["post-188","page","type-page","status-publish","has-post-thumbnail","hentry"],"acf":[],"yoast_head":"<!-- This site is optimized with the Yoast SEO plugin v27.4 - https:\/\/yoast.com\/product\/yoast-seo-wordpress\/ -->\n<title>Kontakt - Kladionica Poland<\/title>\n<meta name=\"description\" content=\"Masz pytania, sugestie lub potrzebujesz dodatkowych informacji? Napisz do nas \u2013 ch\u0119tnie odpowiemy na ka\u017cd\u0105 wiadomo\u015b\u0107.\" \/>\n<meta name=\"robots\" content=\"index, follow, max-snippet:-1, max-image-preview:large, max-video-preview:-1\" \/>\n<link rel=\"canonical\" href=\"https:\/\/kladionica.com\/pl\/kontakt\/\" \/>\n<meta property=\"og:locale\" content=\"pl_PL\" \/>\n<meta property=\"og:type\" content=\"article\" \/>\n<meta property=\"og:title\" content=\"Kontakt - Kladionica Poland\" \/>\n<meta property=\"og:description\" content=\"Masz pytania, sugestie lub potrzebujesz dodatkowych informacji? Napisz do nas \u2013 ch\u0119tnie odpowiemy na ka\u017cd\u0105 wiadomo\u015b\u0107.\" \/>\n<meta property=\"og:url\" content=\"https:\/\/kladionica.com\/pl\/kontakt\/\" \/>\n<meta property=\"og:site_name\" content=\"Kladionica Poland\" \/>\n<meta property=\"og:image\" content=\"https:\/\/kladionica.com\/pl\/wp-content\/uploads\/sites\/2\/2025\/04\/kladionica-kontakt.png\" \/>\n\t<meta property=\"og:image:width\" content=\"2400\" \/>\n\t<meta property=\"og:image:height\" content=\"1256\" \/>\n\t<meta property=\"og:image:type\" content=\"image\/png\" \/>\n<meta name=\"twitter:card\" content=\"summary_large_image\" \/>\n<meta name=\"twitter:label1\" content=\"Szacowany czas czytania\" \/>\n\t<meta name=\"twitter:data1\" content=\"1 minuta\" \/>\n<script type=\"application\/ld+json\" class=\"yoast-schema-graph\">{\"@context\":\"https:\\\/\\\/schema.org\",\"@graph\":[{\"@type\":\"WebPage\",\"@id\":\"https:\\\/\\\/kladionica.com\\\/pl\\\/kontakt\\\/\",\"url\":\"https:\\\/\\\/kladionica.com\\\/pl\\\/kontakt\\\/\",\"name\":\"Kontakt - Kladionica Poland\",\"isPartOf\":{\"@id\":\"https:\\\/\\\/kladionica.com\\\/pl\\\/#website\"},\"primaryImageOfPage\":{\"@id\":\"https:\\\/\\\/kladionica.com\\\/pl\\\/kontakt\\\/#primaryimage\"},\"image\":{\"@id\":\"https:\\\/\\\/kladionica.com\\\/pl\\\/kontakt\\\/#primaryimage\"},\"thumbnailUrl\":\"https:\\\/\\\/kladionica.com\\\/pl\\\/wp-content\\\/uploads\\\/sites\\\/2\\\/2025\\\/04\\\/kladionica-kontakt.png\",\"datePublished\":\"2025-04-08T14:26:47+00:00\",\"breadcrumb\":{\"@id\":\"https:\\\/\\\/kladionica.com\\\/pl\\\/kontakt\\\/#breadcrumb\"},\"inLanguage\":\"pl-PL\",\"potentialAction\":[{\"@type\":\"ReadAction\",\"target\":[\"https:\\\/\\\/kladionica.com\\\/pl\\\/kontakt\\\/\"]}]},{\"@type\":\"ImageObject\",\"inLanguage\":\"pl-PL\",\"@id\":\"https:\\\/\\\/kladionica.com\\\/pl\\\/kontakt\\\/#primaryimage\",\"url\":\"https:\\\/\\\/kladionica.com\\\/pl\\\/wp-content\\\/uploads\\\/sites\\\/2\\\/2025\\\/04\\\/kladionica-kontakt.png\",\"contentUrl\":\"https:\\\/\\\/kladionica.com\\\/pl\\\/wp-content\\\/uploads\\\/sites\\\/2\\\/2025\\\/04\\\/kladionica-kontakt.png\",\"width\":2400,\"height\":1256,\"caption\":\"Kladionica \u2013 kontakt\"},{\"@type\":\"BreadcrumbList\",\"@id\":\"https:\\\/\\\/kladionica.com\\\/pl\\\/kontakt\\\/#breadcrumb\",\"itemListElement\":[{\"@type\":\"ListItem\",\"position\":1,\"name\":\"Dom\",\"item\":\"https:\\\/\\\/kladionica.com\\\/pl\\\/\"},{\"@type\":\"ListItem\",\"position\":2,\"name\":\"Kontakt\"}]},{\"@type\":\"WebSite\",\"@id\":\"https:\\\/\\\/kladionica.com\\\/pl\\\/#website\",\"url\":\"https:\\\/\\\/kladionica.com\\\/pl\\\/\",\"name\":\"Kladionica Poland\",\"description\":\"\",\"publisher\":{\"@id\":\"https:\\\/\\\/kladionica.com\\\/pl\\\/#organization\"},\"potentialAction\":[{\"@type\":\"SearchAction\",\"target\":{\"@type\":\"EntryPoint\",\"urlTemplate\":\"https:\\\/\\\/kladionica.com\\\/pl\\\/?s={search_term_string}\"},\"query-input\":{\"@type\":\"PropertyValueSpecification\",\"valueRequired\":true,\"valueName\":\"search_term_string\"}}],\"inLanguage\":\"pl-PL\"},{\"@type\":\"Organization\",\"@id\":\"https:\\\/\\\/kladionica.com\\\/pl\\\/#organization\",\"name\":\"Kladionica Poland\",\"url\":\"https:\\\/\\\/kladionica.com\\\/pl\\\/\",\"logo\":{\"@type\":\"ImageObject\",\"inLanguage\":\"pl-PL\",\"@id\":\"https:\\\/\\\/kladionica.com\\\/pl\\\/#\\\/schema\\\/logo\\\/image\\\/\",\"url\":\"https:\\\/\\\/kladionica.com\\\/pl\\\/wp-content\\\/uploads\\\/sites\\\/2\\\/2025\\\/03\\\/logo-footer.svg\",\"contentUrl\":\"https:\\\/\\\/kladionica.com\\\/pl\\\/wp-content\\\/uploads\\\/sites\\\/2\\\/2025\\\/03\\\/logo-footer.svg\",\"width\":207,\"height\":38,\"caption\":\"Kladionica Poland\"},\"image\":{\"@id\":\"https:\\\/\\\/kladionica.com\\\/pl\\\/#\\\/schema\\\/logo\\\/image\\\/\"}}]}<\/script>\n<!-- \/ Yoast SEO plugin. -->","yoast_head_json":{"title":"Kontakt - Kladionica Poland","description":"Masz pytania, sugestie lub potrzebujesz dodatkowych informacji? Napisz do nas \u2013 ch\u0119tnie odpowiemy na ka\u017cd\u0105 wiadomo\u015b\u0107.","robots":{"index":"index","follow":"follow","max-snippet":"max-snippet:-1","max-image-preview":"max-image-preview:large","max-video-preview":"max-video-preview:-1"},"canonical":"https:\/\/kladionica.com\/pl\/kontakt\/","og_locale":"pl_PL","og_type":"article","og_title":"Kontakt - Kladionica Poland","og_description":"Masz pytania, sugestie lub potrzebujesz dodatkowych informacji? Napisz do nas \u2013 ch\u0119tnie odpowiemy na ka\u017cd\u0105 wiadomo\u015b\u0107.","og_url":"https:\/\/kladionica.com\/pl\/kontakt\/","og_site_name":"Kladionica Poland","og_image":[{"width":2400,"height":1256,"url":"https:\/\/kladionica.com\/pl\/wp-content\/uploads\/sites\/2\/2025\/04\/kladionica-kontakt.png","type":"image\/png"}],"twitter_card":"summary_large_image","twitter_misc":{"Szacowany czas czytania":"1 minuta"},"schema":{"@context":"https:\/\/schema.org","@graph":[{"@type":"WebPage","@id":"https:\/\/kladionica.com\/pl\/kontakt\/","url":"https:\/\/kladionica.com\/pl\/kontakt\/","name":"Kontakt - Kladionica Poland","isPartOf":{"@id":"https:\/\/kladionica.com\/pl\/#website"},"primaryImageOfPage":{"@id":"https:\/\/kladionica.com\/pl\/kontakt\/#primaryimage"},"image":{"@id":"https:\/\/kladionica.com\/pl\/kontakt\/#primaryimage"},"thumbnailUrl":"https:\/\/kladionica.com\/pl\/wp-content\/uploads\/sites\/2\/2025\/04\/kladionica-kontakt.png","datePublished":"2025-04-08T14:26:47+00:00","breadcrumb":{"@id":"https:\/\/kladionica.com\/pl\/kontakt\/#breadcrumb"},"inLanguage":"pl-PL","potentialAction":[{"@type":"ReadAction","target":["https:\/\/kladionica.com\/pl\/kontakt\/"]}]},{"@type":"ImageObject","inLanguage":"pl-PL","@id":"https:\/\/kladionica.com\/pl\/kontakt\/#primaryimage","url":"https:\/\/kladionica.com\/pl\/wp-content\/uploads\/sites\/2\/2025\/04\/kladionica-kontakt.png","contentUrl":"https:\/\/kladionica.com\/pl\/wp-content\/uploads\/sites\/2\/2025\/04\/kladionica-kontakt.png","width":2400,"height":1256,"caption":"Kladionica \u2013 kontakt"},{"@type":"BreadcrumbList","@id":"https:\/\/kladionica.com\/pl\/kontakt\/#breadcrumb","itemListElement":[{"@type":"ListItem","position":1,"name":"Dom","item":"https:\/\/kladionica.com\/pl\/"},{"@type":"ListItem","position":2,"name":"Kontakt"}]},{"@type":"WebSite","@id":"https:\/\/kladionica.com\/pl\/#website","url":"https:\/\/kladionica.com\/pl\/","name":"Kladionica Poland","description":"","publisher":{"@id":"https:\/\/kladionica.com\/pl\/#organization"},"potentialAction":[{"@type":"SearchAction","target":{"@type":"EntryPoint","urlTemplate":"https:\/\/kladionica.com\/pl\/?s={search_term_string}"},"query-input":{"@type":"PropertyValueSpecification","valueRequired":true,"valueName":"search_term_string"}}],"inLanguage":"pl-PL"},{"@type":"Organization","@id":"https:\/\/kladionica.com\/pl\/#organization","name":"Kladionica Poland","url":"https:\/\/kladionica.com\/pl\/","logo":{"@type":"ImageObject","inLanguage":"pl-PL","@id":"https:\/\/kladionica.com\/pl\/#\/schema\/logo\/image\/","url":"https:\/\/kladionica.com\/pl\/wp-content\/uploads\/sites\/2\/2025\/03\/logo-footer.svg","contentUrl":"https:\/\/kladionica.com\/pl\/wp-content\/uploads\/sites\/2\/2025\/03\/logo-footer.svg","width":207,"height":38,"caption":"Kladionica Poland"},"image":{"@id":"https:\/\/kladionica.com\/pl\/#\/schema\/logo\/image\/"}}]}},"_links":{"self":[{"href":"https:\/\/kladionica.com\/pl\/wp-json\/wp\/v2\/pages\/188","targetHints":{"allow":["GET"]}}],"collection":[{"href":"https:\/\/kladionica.com\/pl\/wp-json\/wp\/v2\/pages"}],"about":[{"href":"https:\/\/kladionica.com\/pl\/wp-json\/wp\/v2\/types\/page"}],"author":[{"embeddable":true,"href":"https:\/\/kladionica.com\/pl\/wp-json\/wp\/v2\/users\/47"}],"replies":[{"embeddable":true,"href":"https:\/\/kladionica.com\/pl\/wp-json\/wp\/v2\/comments?post=188"}],"version-history":[{"count":0,"href":"https:\/\/kladionica.com\/pl\/wp-json\/wp\/v2\/pages\/188\/revisions"}],"wp:featuredmedia":[{"embeddable":true,"href":"https:\/\/kladionica.com\/pl\/wp-json\/wp\/v2\/media\/404"}],"wp:attachment":[{"href":"https:\/\/kladionica.com\/pl\/wp-json\/wp\/v2\/media?parent=188"}],"curies":[{"name":"wp","href":"https:\/\/api.w.org\/{rel}","templated":true}]}}