{"id":171,"date":"2025-04-23T14:13:26","date_gmt":"2025-04-23T14:13:26","guid":{"rendered":"https:\/\/kladionica.com\/lt\/?page_id=171"},"modified":"2025-04-23T14:13:26","modified_gmt":"2025-04-23T14:13:26","slug":"atsakingas-losimas","status":"publish","type":"page","link":"https:\/\/kladionica.com\/lt\/atsakingas-losimas\/","title":{"rendered":"Atsakingas lo\u0161imas"},"content":{"rendered":"<p>Svetain\u0117je kladionica.com \u012fsipareigojame skatinti atsakingo lo\u0161imo praktik\u0105 ir u\u017etikrinti, kad m\u016bs\u0173 vartotojai \u017eaist\u0173 saugiai, s\u0105moningai ir su sveiku po\u017ei\u016briu. Lo\u0161imai \u2013 tai pramoga, o ne b\u016bdas u\u017esidirbti ar spr\u0119sti finansines problemas.<\/p>\n<h2>M\u016bs\u0173 pareiga kaip informacin\u0117s platformos<\/h2>\n<p>B\u016bdami svetain\u0117, kuri pateikia u\u017esienio internetini\u0173 kazino ap\u017evalgas ir informacij\u0105, ne tik siekiame objektyvumo, bet ir jau\u010diame atsakomyb\u0119 informuoti apie su lo\u0161imais susijusias rizikas. Palaikome teis\u0117s akt\u0173 reikalavimus ir tarptautinius atsakingo lo\u0161imo standartus.<\/p>\n<h2>Atsakingo lo\u0161imo pagrindiniai principai<\/h2>\n<ul>\n<li><strong>\u017daiskite tik u\u017e pinigus, kuriuos galite prarasti<\/strong>. Niekada nenaudokite skolint\u0173 l\u0117\u0161\u0173 ar pinig\u0173, skirt\u0173 b\u016btinoms i\u0161laidoms (nuomai, maistui ir pan.).<\/li>\n<li><strong>Nusistatykite limitus<\/strong>. Dauguma kazino leid\u017eia nustatyti \u012fmok\u0173, nuostoli\u0173 ir \u017eaidimo laiko ribas. Naudokit\u0117s \u0161iais \u012frankiais kontroliuodami savo \u017eaidim\u0105.<\/li>\n<li><strong>Pertraukos ir savanori\u0161kas sav\u0119s pa\u0161alinimas<\/strong>. Jei jau\u010diate, kad lo\u0161imas ima daryti \u012ftak\u0105 j\u016bs\u0173 kasdienybei ar emocijoms, apsvarstykite galimyb\u0119 pasinaudoti \u201esav\u0119s pa\u0161alinimo\u201c funkcija arba padaryti pertrauk\u0105.<\/li>\n<li><strong>Lo\u0161imai n\u0117ra problem\u0173 sprendimas<\/strong>. \u017daidimas esant stresui, pyk\u010diui ar li\u016bdesiui gali paskatinti neapgalvotus sprendimus. Jei susid\u016br\u0117te su sunkumais, kreipkit\u0117s pagalbos.<\/li>\n<\/ul>\n<h2>Kaip atpa\u017einti lo\u0161imo problem\u0105?<\/h2>\n<p>\u017demiau pateikti keli po\u017eymiai, rodantys galim\u0105 problemin\u012f lo\u0161im\u0105:<\/p>\n<ol>\n<li>Nuolat vir\u0161ijate suplanuot\u0105 biud\u017eet\u0105<\/li>\n<li>Slepiate lo\u0161imo \u012fpro\u010dius nuo \u0161eimos ar draug\u0173<\/li>\n<li>\u017daid\u017eiate nor\u0117dami pamir\u0161ti problemas ar neigiamas emocijas<\/li>\n<li>Jau\u010diate dirglum\u0105, kai bandote sustoti<\/li>\n<li>Bandote atgauti prarastus pinigus dar daugiau lo\u0161dami<\/li>\n<\/ol>\n<p>Jeigu bet kuris i\u0161 \u0161i\u0173 punkt\u0173 jums pa\u017e\u012fstamas \u2013 kreipkit\u0117s pagalbos.<\/p>\n<h2>Kur kreiptis pagalbos Lietuvoje?<\/h2>\n<p>Jeigu j\u016bs ar j\u016bs\u0173 artimieji susid\u016br\u0117 su lo\u0161imo problema \u2013 nelikite vieni. \u0160tai keletas nauding\u0173 i\u0161tekli\u0173 Lietuvoje:<\/p>\n<ul>\n<li><a href=\"https:\/\/nebenoriu-losti.lt\/\">Nebenoriu lo\u0161ti \u012fstaiga<\/a><\/li>\n<li>Psichikos sveikatos centrai<\/li>\n<li>Pagalbos linijos priklausomyb\u0117ms<\/li>\n<li><a href=\"https:\/\/nebenoriu-losti.lt\/kontaktai\/\">Savivaldybi\u0173 socialiniai darbuotojai<\/a><\/li>\n<li>Konsultacijos pas \u0161eimos gydytoj\u0105 ar psichoterapeut\u0105<\/li>\n<\/ul>\n<h2>Am\u017eiaus apribojimai<\/h2>\n<p>M\u016bs\u0173 svetain\u0117 skirta tik asmenims, sulaukusiems bent 18 met\u0173. Grie\u017etai prie\u0161taraujame nepilname\u010di\u0173 prieigai prie azartini\u0173 lo\u0161im\u0173 ir informacijos apie juos.<\/p>\n<h2>M\u016bs\u0173 \u012fsipareigojimas<\/h2>\n<p>Tikime, kad lo\u0161imas gali b\u016bti \u012fdomi patirtis, jei jis vyksta atsakingai. Visada sieksime suteikti savo vartotojams \u017eini\u0173 ir \u012franki\u0173, padedan\u010di\u0173 priimti pagr\u012fstus sprendimus.<\/p>\n","protected":false},"excerpt":{"rendered":"<p>Svetain\u0117je kladionica.com \u012fsipareigojame skatinti atsakingo lo\u0161imo praktik\u0105 ir u\u017etikrinti, kad m\u016bs\u0173 vartotojai \u017eaist\u0173 saugiai, s\u0105moningai ir su sveiku po\u017ei\u016briu. Lo\u0161imai \u2013 tai pramoga, o ne b\u016bdas u\u017esidirbti ar spr\u0119sti finansines problemas. M\u016bs\u0173 pareiga kaip informacin\u0117s platformos B\u016bdami svetain\u0117, kuri pateikia u\u017esienio internetini\u0173 kazino ap\u017evalgas ir informacij\u0105, ne tik siekiame objektyvumo, bet ir jau\u010diame atsakomyb\u0119 informuoti &hellip; <\/p>\n","protected":false},"author":33,"featured_media":169,"parent":0,"menu_order":0,"comment_status":"closed","ping_status":"closed","template":"","meta":{"_acf_changed":false,"inline_featured_image":false,"footnotes":""},"class_list":["post-171","page","type-page","status-publish","has-post-thumbnail","hentry"],"acf":[],"yoast_head":"<!-- This site is optimized with the Yoast SEO plugin v27.4 - https:\/\/yoast.com\/product\/yoast-seo-wordpress\/ -->\n<title>Atsakingas lo\u0161imas - Kladionica.com\/lt<\/title>\n<meta name=\"description\" content=\"Svetain\u0117je kladionica.com \u012fsipareigojame skatinti atsakingo lo\u0161imo praktik\u0105 ir u\u017etikrinti, kad m\u016bs\u0173 vartotojai \u017eaist\u0173 saugiai ir s\u0105moningai.\" \/>\n<meta name=\"robots\" content=\"index, follow, max-snippet:-1, max-image-preview:large, max-video-preview:-1\" \/>\n<link rel=\"canonical\" href=\"https:\/\/kladionica.com\/lt\/atsakingas-losimas\/\" \/>\n<meta property=\"og:locale\" content=\"lt_LT\" \/>\n<meta property=\"og:type\" content=\"article\" \/>\n<meta property=\"og:title\" content=\"Atsakingas lo\u0161imas - Kladionica.com\/lt\" \/>\n<meta property=\"og:description\" content=\"Svetain\u0117je kladionica.com \u012fsipareigojame skatinti atsakingo lo\u0161imo praktik\u0105 ir u\u017etikrinti, kad m\u016bs\u0173 vartotojai \u017eaist\u0173 saugiai ir s\u0105moningai.\" \/>\n<meta property=\"og:url\" content=\"https:\/\/kladionica.com\/lt\/atsakingas-losimas\/\" \/>\n<meta property=\"og:site_name\" content=\"Kladionica Lithuanian\" \/>\n<meta property=\"og:image\" content=\"https:\/\/kladionica.com\/lt\/wp-content\/uploads\/sites\/6\/2025\/04\/cover-002.jpg\" \/>\n\t<meta property=\"og:image:width\" content=\"1200\" \/>\n\t<meta property=\"og:image:height\" content=\"800\" \/>\n\t<meta property=\"og:image:type\" content=\"image\/jpeg\" \/>\n<meta name=\"twitter:card\" content=\"summary_large_image\" \/>\n<meta name=\"twitter:label1\" content=\"Est. reading time\" \/>\n\t<meta name=\"twitter:data1\" content=\"2 minut\u0117s\" \/>\n<script type=\"application\/ld+json\" class=\"yoast-schema-graph\">{\"@context\":\"https:\\\/\\\/schema.org\",\"@graph\":[{\"@type\":\"WebPage\",\"@id\":\"https:\\\/\\\/kladionica.com\\\/lt\\\/atsakingas-losimas\\\/\",\"url\":\"https:\\\/\\\/kladionica.com\\\/lt\\\/atsakingas-losimas\\\/\",\"name\":\"Atsakingas lo\u0161imas - Kladionica.com\\\/lt\",\"isPartOf\":{\"@id\":\"https:\\\/\\\/kladionica.com\\\/lt\\\/#website\"},\"primaryImageOfPage\":{\"@id\":\"https:\\\/\\\/kladionica.com\\\/lt\\\/atsakingas-losimas\\\/#primaryimage\"},\"image\":{\"@id\":\"https:\\\/\\\/kladionica.com\\\/lt\\\/atsakingas-losimas\\\/#primaryimage\"},\"thumbnailUrl\":\"https:\\\/\\\/kladionica.com\\\/lt\\\/wp-content\\\/uploads\\\/sites\\\/6\\\/2025\\\/04\\\/cover-002.jpg\",\"datePublished\":\"2025-04-23T14:13:26+00:00\",\"description\":\"Svetain\u0117je kladionica.com \u012fsipareigojame skatinti atsakingo lo\u0161imo praktik\u0105 ir u\u017etikrinti, kad m\u016bs\u0173 vartotojai \u017eaist\u0173 saugiai ir s\u0105moningai.\",\"breadcrumb\":{\"@id\":\"https:\\\/\\\/kladionica.com\\\/lt\\\/atsakingas-losimas\\\/#breadcrumb\"},\"inLanguage\":\"lt-LT\",\"potentialAction\":[{\"@type\":\"ReadAction\",\"target\":[\"https:\\\/\\\/kladionica.com\\\/lt\\\/atsakingas-losimas\\\/\"]}]},{\"@type\":\"ImageObject\",\"inLanguage\":\"lt-LT\",\"@id\":\"https:\\\/\\\/kladionica.com\\\/lt\\\/atsakingas-losimas\\\/#primaryimage\",\"url\":\"https:\\\/\\\/kladionica.com\\\/lt\\\/wp-content\\\/uploads\\\/sites\\\/6\\\/2025\\\/04\\\/cover-002.jpg\",\"contentUrl\":\"https:\\\/\\\/kladionica.com\\\/lt\\\/wp-content\\\/uploads\\\/sites\\\/6\\\/2025\\\/04\\\/cover-002.jpg\",\"width\":1200,\"height\":800,\"caption\":\"atsakingas losimas\"},{\"@type\":\"BreadcrumbList\",\"@id\":\"https:\\\/\\\/kladionica.com\\\/lt\\\/atsakingas-losimas\\\/#breadcrumb\",\"itemListElement\":[{\"@type\":\"ListItem\",\"position\":1,\"name\":\"Prad\u017eia\",\"item\":\"https:\\\/\\\/kladionica.com\\\/lt\\\/\"},{\"@type\":\"ListItem\",\"position\":2,\"name\":\"Atsakingas lo\u0161imas\"}]},{\"@type\":\"WebSite\",\"@id\":\"https:\\\/\\\/kladionica.com\\\/lt\\\/#website\",\"url\":\"https:\\\/\\\/kladionica.com\\\/lt\\\/\",\"name\":\"Kladionica Lithuanian\",\"description\":\"\",\"publisher\":{\"@id\":\"https:\\\/\\\/kladionica.com\\\/lt\\\/#organization\"},\"potentialAction\":[{\"@type\":\"SearchAction\",\"target\":{\"@type\":\"EntryPoint\",\"urlTemplate\":\"https:\\\/\\\/kladionica.com\\\/lt\\\/?s={search_term_string}\"},\"query-input\":{\"@type\":\"PropertyValueSpecification\",\"valueRequired\":true,\"valueName\":\"search_term_string\"}}],\"inLanguage\":\"lt-LT\"},{\"@type\":\"Organization\",\"@id\":\"https:\\\/\\\/kladionica.com\\\/lt\\\/#organization\",\"name\":\"Kladionica Lithuanian\",\"url\":\"https:\\\/\\\/kladionica.com\\\/lt\\\/\",\"logo\":{\"@type\":\"ImageObject\",\"inLanguage\":\"lt-LT\",\"@id\":\"https:\\\/\\\/kladionica.com\\\/lt\\\/#\\\/schema\\\/logo\\\/image\\\/\",\"url\":\"https:\\\/\\\/kladionica.com\\\/lt\\\/wp-content\\\/uploads\\\/sites\\\/6\\\/2025\\\/03\\\/logo-footer.svg\",\"contentUrl\":\"https:\\\/\\\/kladionica.com\\\/lt\\\/wp-content\\\/uploads\\\/sites\\\/6\\\/2025\\\/03\\\/logo-footer.svg\",\"width\":207,\"height\":38,\"caption\":\"Kladionica Lithuanian\"},\"image\":{\"@id\":\"https:\\\/\\\/kladionica.com\\\/lt\\\/#\\\/schema\\\/logo\\\/image\\\/\"}}]}<\/script>\n<!-- \/ Yoast SEO plugin. -->","yoast_head_json":{"title":"Atsakingas lo\u0161imas - Kladionica.com\/lt","description":"Svetain\u0117je kladionica.com \u012fsipareigojame skatinti atsakingo lo\u0161imo praktik\u0105 ir u\u017etikrinti, kad m\u016bs\u0173 vartotojai \u017eaist\u0173 saugiai ir s\u0105moningai.","robots":{"index":"index","follow":"follow","max-snippet":"max-snippet:-1","max-image-preview":"max-image-preview:large","max-video-preview":"max-video-preview:-1"},"canonical":"https:\/\/kladionica.com\/lt\/atsakingas-losimas\/","og_locale":"lt_LT","og_type":"article","og_title":"Atsakingas lo\u0161imas - Kladionica.com\/lt","og_description":"Svetain\u0117je kladionica.com \u012fsipareigojame skatinti atsakingo lo\u0161imo praktik\u0105 ir u\u017etikrinti, kad m\u016bs\u0173 vartotojai \u017eaist\u0173 saugiai ir s\u0105moningai.","og_url":"https:\/\/kladionica.com\/lt\/atsakingas-losimas\/","og_site_name":"Kladionica Lithuanian","og_image":[{"width":1200,"height":800,"url":"https:\/\/kladionica.com\/lt\/wp-content\/uploads\/sites\/6\/2025\/04\/cover-002.jpg","type":"image\/jpeg"}],"twitter_card":"summary_large_image","twitter_misc":{"Est. reading time":"2 minut\u0117s"},"schema":{"@context":"https:\/\/schema.org","@graph":[{"@type":"WebPage","@id":"https:\/\/kladionica.com\/lt\/atsakingas-losimas\/","url":"https:\/\/kladionica.com\/lt\/atsakingas-losimas\/","name":"Atsakingas lo\u0161imas - Kladionica.com\/lt","isPartOf":{"@id":"https:\/\/kladionica.com\/lt\/#website"},"primaryImageOfPage":{"@id":"https:\/\/kladionica.com\/lt\/atsakingas-losimas\/#primaryimage"},"image":{"@id":"https:\/\/kladionica.com\/lt\/atsakingas-losimas\/#primaryimage"},"thumbnailUrl":"https:\/\/kladionica.com\/lt\/wp-content\/uploads\/sites\/6\/2025\/04\/cover-002.jpg","datePublished":"2025-04-23T14:13:26+00:00","description":"Svetain\u0117je kladionica.com \u012fsipareigojame skatinti atsakingo lo\u0161imo praktik\u0105 ir u\u017etikrinti, kad m\u016bs\u0173 vartotojai \u017eaist\u0173 saugiai ir s\u0105moningai.","breadcrumb":{"@id":"https:\/\/kladionica.com\/lt\/atsakingas-losimas\/#breadcrumb"},"inLanguage":"lt-LT","potentialAction":[{"@type":"ReadAction","target":["https:\/\/kladionica.com\/lt\/atsakingas-losimas\/"]}]},{"@type":"ImageObject","inLanguage":"lt-LT","@id":"https:\/\/kladionica.com\/lt\/atsakingas-losimas\/#primaryimage","url":"https:\/\/kladionica.com\/lt\/wp-content\/uploads\/sites\/6\/2025\/04\/cover-002.jpg","contentUrl":"https:\/\/kladionica.com\/lt\/wp-content\/uploads\/sites\/6\/2025\/04\/cover-002.jpg","width":1200,"height":800,"caption":"atsakingas losimas"},{"@type":"BreadcrumbList","@id":"https:\/\/kladionica.com\/lt\/atsakingas-losimas\/#breadcrumb","itemListElement":[{"@type":"ListItem","position":1,"name":"Prad\u017eia","item":"https:\/\/kladionica.com\/lt\/"},{"@type":"ListItem","position":2,"name":"Atsakingas lo\u0161imas"}]},{"@type":"WebSite","@id":"https:\/\/kladionica.com\/lt\/#website","url":"https:\/\/kladionica.com\/lt\/","name":"Kladionica Lithuanian","description":"","publisher":{"@id":"https:\/\/kladionica.com\/lt\/#organization"},"potentialAction":[{"@type":"SearchAction","target":{"@type":"EntryPoint","urlTemplate":"https:\/\/kladionica.com\/lt\/?s={search_term_string}"},"query-input":{"@type":"PropertyValueSpecification","valueRequired":true,"valueName":"search_term_string"}}],"inLanguage":"lt-LT"},{"@type":"Organization","@id":"https:\/\/kladionica.com\/lt\/#organization","name":"Kladionica Lithuanian","url":"https:\/\/kladionica.com\/lt\/","logo":{"@type":"ImageObject","inLanguage":"lt-LT","@id":"https:\/\/kladionica.com\/lt\/#\/schema\/logo\/image\/","url":"https:\/\/kladionica.com\/lt\/wp-content\/uploads\/sites\/6\/2025\/03\/logo-footer.svg","contentUrl":"https:\/\/kladionica.com\/lt\/wp-content\/uploads\/sites\/6\/2025\/03\/logo-footer.svg","width":207,"height":38,"caption":"Kladionica Lithuanian"},"image":{"@id":"https:\/\/kladionica.com\/lt\/#\/schema\/logo\/image\/"}}]}},"_links":{"self":[{"href":"https:\/\/kladionica.com\/lt\/wp-json\/wp\/v2\/pages\/171","targetHints":{"allow":["GET"]}}],"collection":[{"href":"https:\/\/kladionica.com\/lt\/wp-json\/wp\/v2\/pages"}],"about":[{"href":"https:\/\/kladionica.com\/lt\/wp-json\/wp\/v2\/types\/page"}],"author":[{"embeddable":true,"href":"https:\/\/kladionica.com\/lt\/wp-json\/wp\/v2\/users\/33"}],"replies":[{"embeddable":true,"href":"https:\/\/kladionica.com\/lt\/wp-json\/wp\/v2\/comments?post=171"}],"version-history":[{"count":0,"href":"https:\/\/kladionica.com\/lt\/wp-json\/wp\/v2\/pages\/171\/revisions"}],"wp:featuredmedia":[{"embeddable":true,"href":"https:\/\/kladionica.com\/lt\/wp-json\/wp\/v2\/media\/169"}],"wp:attachment":[{"href":"https:\/\/kladionica.com\/lt\/wp-json\/wp\/v2\/media?parent=171"}],"curies":[{"name":"wp","href":"https:\/\/api.w.org\/{rel}","templated":true}]}}