{"id":280,"date":"2025-04-29T12:48:05","date_gmt":"2025-04-29T12:48:05","guid":{"rendered":"https:\/\/kladionica.com\/hu\/?page_id=280"},"modified":"2025-04-29T12:48:05","modified_gmt":"2025-04-29T12:48:05","slug":"felelossegteljes-szerencsejatek","status":"publish","type":"page","link":"https:\/\/kladionica.com\/hu\/felelossegteljes-szerencsejatek\/","title":{"rendered":"Felel\u0151ss\u00e9gteljes szerencsej\u00e1t\u00e9k Magyarorsz\u00e1gon"},"content":{"rendered":"<h4><b>K\u00fcldet\u00e9s\u00fcnk mint t\u00e1j\u00e9koztat\u00f3 platform<\/b><\/h4>\n<p><span style=\"font-weight: 400\">Mint olyan weboldal, amely k\u00fclf\u00f6ldi online kaszin\u00f3kkal kapcsolatos inform\u00e1ci\u00f3kat \u00e9s \u00e9rt\u00e9kel\u00e9seket ny\u00fajt, nemcsak objekt\u00edv \u00e1ttekint\u00e9seket k\u00edn\u00e1lunk, hanem felel\u0151ss\u00e9get is v\u00e1llalunk a szerencsej\u00e1t\u00e9kokkal j\u00e1r\u00f3 kock\u00e1zatok tudatos\u00edt\u00e1s\u00e1\u00e9rt. T\u00e1mogatjuk a magyar jogszab\u00e1lyokat \u00e9s nemzetk\u00f6zi norm\u00e1kat a felel\u0151s j\u00e1t\u00e9k el\u0151mozd\u00edt\u00e1s\u00e1ban.<\/span><\/p>\n<h3><b>A felel\u0151ss\u00e9gteljes j\u00e1t\u00e9k alapelvei<\/b><\/h3>\n<p><span style=\"font-weight: 400\">\u2705 <\/span><b>Csak olyan p\u00e9nzt haszn\u00e1lj j\u00e1t\u00e9kra, aminek az elveszt\u00e9se sem okoz gondot<\/b><b><br \/>\n<\/b><span style=\"font-weight: 400\"> Ne j\u00e1tssz k\u00f6lcs\u00f6np\u00e9nzb\u0151l vagy a l\u00e9tfontoss\u00e1g\u00fa kiad\u00e1sokra (lakb\u00e9r, \u00e9lelmiszer stb.) f\u00e9lretett \u00f6sszegb\u0151l.<\/span><\/p>\n<p><span style=\"font-weight: 400\">\u2705 <\/span><b>\u00c1ll\u00edts be korl\u00e1tokat<\/b><b><br \/>\n<\/b><span style=\"font-weight: 400\"> A legt\u00f6bb online kaszin\u00f3 lehet\u0151s\u00e9get ad befizet\u00e9si, vesztes\u00e9gi vagy j\u00e1t\u00e9kid\u0151-korl\u00e1tok be\u00e1ll\u00edt\u00e1s\u00e1ra. Haszn\u00e1ld ezeket a funkci\u00f3kat a j\u00e1t\u00e9kod feletti kontroll \u00e9rdek\u00e9ben.<\/span><\/p>\n<p><span style=\"font-weight: 400\">\u2705 <\/span><b>Tarts sz\u00fcnetet vagy z\u00e1rd ki magad<\/b><b><br \/>\n<\/b><span style=\"font-weight: 400\"> Ha \u00fagy \u00e9rzed, hogy a szerencsej\u00e1t\u00e9k negat\u00edv hat\u00e1ssal van az \u00e9letedre, fontold meg az \u00f6nkiz\u00e1r\u00e1st vagy tarts tudatos sz\u00fcnetet.<\/span><\/p>\n<p><span style=\"font-weight: 400\">\u2705 <\/span><b>Ne haszn\u00e1ld a szerencsej\u00e1t\u00e9kot \u00e9rzelmi menek\u00fcl\u00e9sk\u00e9nt<\/b><b><br \/>\n<\/b><span style=\"font-weight: 400\"> A j\u00e1t\u00e9k stressz, d\u00fch vagy szomor\u00fas\u00e1g k\u00f6zben gyakran rossz d\u00f6nt\u00e9sekhez vezet. Ha neh\u00e9zs\u00e9geid vannak, k\u00e9rj seg\u00edts\u00e9get id\u0151ben.<\/span><\/p>\n<h3><b>A probl\u00e9m\u00e1s szerencsej\u00e1t\u00e9k jelei lehetnek:<\/b><\/h3>\n<ul>\n<li style=\"font-weight: 400\"><span style=\"font-weight: 400\">A j\u00e1t\u00e9kra sz\u00e1nt k\u00f6lts\u00e9gkeret rendszeres t\u00fall\u00e9p\u00e9se<\/span><\/li>\n<li style=\"font-weight: 400\"><span style=\"font-weight: 400\">A j\u00e1t\u00e9kszok\u00e1sok eltitkol\u00e1sa csal\u00e1d vagy bar\u00e1tok el\u0151l<\/span><\/li>\n<li style=\"font-weight: 400\"><span style=\"font-weight: 400\">A szerencsej\u00e1t\u00e9k eszk\u00f6zk\u00e9nt val\u00f3 haszn\u00e1lata probl\u00e9m\u00e1k elfelejt\u00e9s\u00e9re<\/span><\/li>\n<li style=\"font-weight: 400\"><span style=\"font-weight: 400\">Inger\u00fclts\u00e9g vagy szorong\u00e1s, ha nem tudsz j\u00e1tszani<\/span><\/li>\n<li style=\"font-weight: 400\"><span style=\"font-weight: 400\">A vesztes\u00e9gek visszanyer\u00e9s\u00e9nek v\u00e1gya folyamatos \u00fajabb j\u00e1t\u00e9khoz vezet<\/span><\/li>\n<\/ul>\n<p><span style=\"font-weight: 400\">Ha ezek k\u00f6z\u00fcl b\u00e1rmelyik jellemz\u0151 R\u00e1d, javasoljuk, hogy fordulj szak\u00e9rt\u0151 seg\u00edts\u00e9ghez.<\/span><\/p>\n<h3><b>Hol k\u00e9rhetsz seg\u00edts\u00e9get Magyarorsz\u00e1gon?<\/b><\/h3>\n<p><span style=\"font-weight: 400\">Ha Neked vagy valaki hozz\u00e1d k\u00f6zel \u00e1ll\u00f3nak probl\u00e9m\u00e1ja van a szerencsej\u00e1t\u00e9kkal, ne maradj egyed\u00fcl. Az al\u00e1bbi magyar szervezetek \u00e9s forr\u00e1sok t\u00e1mogat\u00e1st ny\u00fajtanak:<\/span><\/p>\n<p><span style=\"font-weight: 400\">\ud83d\udd39 <\/span><b>K\u00e9k Vonal Gyermekkr\u00edzis Alap\u00edtv\u00e1ny<\/b><b><br \/>\n<\/b><span style=\"font-weight: 400\"> Ingyenes, anonim seg\u00e9lyvonal fiataloknak, probl\u00e9m\u00e1s viselked\u00e9s, f\u00fcgg\u0151s\u00e9gek \u00e9s lelki kr\u00edzisek eset\u00e9n.<\/span><span style=\"font-weight: 400\"><br \/>\n<\/span><span style=\"font-weight: 400\"> \ud83d\udcde 116-111<\/span><span style=\"font-weight: 400\"><br \/>\n<\/span><span style=\"font-weight: 400\"> \ud83c\udf10<\/span><a href=\"https:\/\/kek-vonal.hu\"> <span style=\"font-weight: 400\">https:\/\/kek-vonal.hu<\/span><\/a><\/p>\n<p><span style=\"font-weight: 400\">\ud83d\udd39 <\/span><b>\u00c9lett\u00e9r Ifj\u00fas\u00e1gseg\u00edt\u0151 Alap\u00edtv\u00e1ny \u2013 J\u00e1t\u00e9k STOP program<\/b><b><br \/>\n<\/b><span style=\"font-weight: 400\"> Specifikusan a probl\u00e9m\u00e1s szerencsej\u00e1t\u00e9kkal foglalkoz\u00f3 tan\u00e1csad\u00e1s \u00e9s ter\u00e1pi\u00e1s seg\u00edts\u00e9g.<\/span><span style=\"font-weight: 400\"><br \/>\n<\/span><span style=\"font-weight: 400\"> \ud83d\udce7 info@jatekfuggoseg.hu<\/span><span style=\"font-weight: 400\"><br \/>\n<\/span><span style=\"font-weight: 400\"> \ud83c\udf10<\/span><a href=\"https:\/\/jatekfuggoseg.hu\"> <span style=\"font-weight: 400\">https:\/\/jatekfuggoseg.hu<\/span><\/a><\/p>\n<p><span style=\"font-weight: 400\">\ud83d\udd39 <\/span><b>Addiktol\u00f3giai konzult\u00e1ci\u00f3 helyi rendel\u0151int\u00e9zetekben<\/b><b><br \/>\n<\/b><span style=\"font-weight: 400\"> A legt\u00f6bb nagyv\u00e1rosban m\u0171k\u00f6dik addiktol\u00f3giai szakrendel\u00e9s, ahol szerencsej\u00e1t\u00e9k-f\u00fcgg\u0151s\u00e9gre is k\u00edn\u00e1lnak seg\u00edts\u00e9get.<\/span><\/p>\n<p><span style=\"font-weight: 400\">\ud83d\udd39 <\/span><b>Ment\u00e1lhigi\u00e9n\u00e9s k\u00f6zpontok, pszichol\u00f3gusok<\/b><b><br \/>\n<\/b><span style=\"font-weight: 400\"> Szem\u00e9lyes vagy online tan\u00e1csad\u00e1s \u00e9rzelmi t\u00e1mogat\u00e1sra, kr\u00edzishelyzetekre, f\u00fcgg\u0151s\u00e9gi probl\u00e9m\u00e1k eset\u00e9n.<\/span><\/p>\n<h3><b>Korhat\u00e1r \u00e9s jogi megfelel\u00e9s<\/b><\/h3>\n<p><span style=\"font-weight: 400\">Weboldalunk kiz\u00e1r\u00f3lag <\/span><b>18 \u00e9ven fel\u00fcli l\u00e1togat\u00f3k sz\u00e1m\u00e1ra<\/b><span style=\"font-weight: 400\"> k\u00e9sz\u00fclt. Hat\u00e1rozottan ellenezz\u00fck a fiatalkor\u00faak hozz\u00e1f\u00e9r\u00e9s\u00e9t szerencsej\u00e1t\u00e9k-tartalomhoz, \u00e9s t\u00e1mogatjuk az \u00e9letkor-ellen\u0151rz\u00e9sen alapul\u00f3 korl\u00e1toz\u00e1sokat.<\/span><\/p>\n<h3><b>Elk\u00f6telezetts\u00e9g\u00fcnk<\/b><\/h3>\n<p><span style=\"font-weight: 400\">Meggy\u0151z\u0151d\u00e9s\u00fcnk, hogy a szerencsej\u00e1t\u00e9k sz\u00f3rakoztat\u00f3 \u00e9s izgalmas \u00e9lm\u00e9nyt ny\u00fajthat \u2013 ha felel\u0151ss\u00e9ggel t\u00f6rt\u00e9nik. Az a c\u00e9lunk, hogy olvas\u00f3ink minden sz\u00fcks\u00e9ges tud\u00e1ssal \u00e9s eszk\u00f6zzel rendelkezzenek ahhoz, hogy tudatos d\u00f6nt\u00e9seket hozzanak, \u00e9s biztons\u00e1gos, kontroll\u00e1lt m\u00f3don \u00e9lvezz\u00e9k a j\u00e1t\u00e9kot.<\/span><\/p>\n<p><b>J\u00e1tssz okosan. J\u00e1tssz felel\u0151ss\u00e9ggel.<\/b><\/p>\n","protected":false},"excerpt":{"rendered":"<p>K\u00fcldet\u00e9s\u00fcnk mint t\u00e1j\u00e9koztat\u00f3 platform Mint olyan weboldal, amely k\u00fclf\u00f6ldi online kaszin\u00f3kkal kapcsolatos inform\u00e1ci\u00f3kat \u00e9s \u00e9rt\u00e9kel\u00e9seket ny\u00fajt, nemcsak objekt\u00edv \u00e1ttekint\u00e9seket k\u00edn\u00e1lunk, hanem felel\u0151ss\u00e9get is v\u00e1llalunk a szerencsej\u00e1t\u00e9kokkal j\u00e1r\u00f3 kock\u00e1zatok tudatos\u00edt\u00e1s\u00e1\u00e9rt. T\u00e1mogatjuk a magyar jogszab\u00e1lyokat \u00e9s nemzetk\u00f6zi norm\u00e1kat a felel\u0151s j\u00e1t\u00e9k el\u0151mozd\u00edt\u00e1s\u00e1ban. A felel\u0151ss\u00e9gteljes j\u00e1t\u00e9k alapelvei \u2705 Csak olyan p\u00e9nzt haszn\u00e1lj j\u00e1t\u00e9kra, aminek az elveszt\u00e9se sem okoz &hellip; <\/p>\n","protected":false},"author":52,"featured_media":0,"parent":0,"menu_order":0,"comment_status":"closed","ping_status":"closed","template":"","meta":{"_acf_changed":false,"inline_featured_image":false,"footnotes":""},"class_list":["post-280","page","type-page","status-publish","hentry"],"acf":[],"yoast_head":"<!-- This site is optimized with the Yoast SEO plugin v27.2 - https:\/\/yoast.com\/product\/yoast-seo-wordpress\/ -->\n<title>Felel\u0151ss\u00e9gteljes szerencsej\u00e1t\u00e9k Magyarorsz\u00e1gon - Kladionica Hungarian<\/title>\n<meta name=\"description\" content=\"K\u00fcldet\u00e9s\u00fcnk mint t\u00e1j\u00e9koztat\u00f3 platform Mint olyan weboldal, amely k\u00fclf\u00f6ldi online kaszin\u00f3kkal kapcsolatos inform\u00e1ci\u00f3kat \u00e9s \u00e9rt\u00e9kel\u00e9seket ny\u00fajt, nemcsak objekt\u00edv \u00e1ttekint\u00e9seket k\u00edn\u00e1lunk, hanem felel\u0151ss\u00e9get is v\u00e1llalunk a szerencsej\u00e1t\u00e9kokkal j\u00e1r\u00f3 kock\u00e1zatok tudatos\u00edt\u00e1s\u00e1\u00e9rt. T\u00e1mogatjuk a magyar jogszab\u00e1lyokat \u00e9s nemzetk\u00f6zi norm\u00e1kat a felel\u0151s j\u00e1t\u00e9k el\u0151mozd\u00edt\u00e1s\u00e1ban. A felel\u0151ss\u00e9gteljes j\u00e1t\u00e9k alapelvei \u2705 Csak olyan p\u00e9nzt haszn\u00e1lj j\u00e1t\u00e9kra, aminek az elveszt\u00e9se sem okoz &hellip;\" \/>\n<meta name=\"robots\" content=\"index, follow, max-snippet:-1, max-image-preview:large, max-video-preview:-1\" \/>\n<link rel=\"canonical\" href=\"https:\/\/kladionica.com\/hu\/felelossegteljes-szerencsejatek\/\" \/>\n<meta property=\"og:locale\" content=\"hu_HU\" \/>\n<meta property=\"og:type\" content=\"article\" \/>\n<meta property=\"og:title\" content=\"Felel\u0151ss\u00e9gteljes szerencsej\u00e1t\u00e9k Magyarorsz\u00e1gon - Kladionica Hungarian\" \/>\n<meta property=\"og:description\" content=\"K\u00fcldet\u00e9s\u00fcnk mint t\u00e1j\u00e9koztat\u00f3 platform Mint olyan weboldal, amely k\u00fclf\u00f6ldi online kaszin\u00f3kkal kapcsolatos inform\u00e1ci\u00f3kat \u00e9s \u00e9rt\u00e9kel\u00e9seket ny\u00fajt, nemcsak objekt\u00edv \u00e1ttekint\u00e9seket k\u00edn\u00e1lunk, hanem felel\u0151ss\u00e9get is v\u00e1llalunk a szerencsej\u00e1t\u00e9kokkal j\u00e1r\u00f3 kock\u00e1zatok tudatos\u00edt\u00e1s\u00e1\u00e9rt. T\u00e1mogatjuk a magyar jogszab\u00e1lyokat \u00e9s nemzetk\u00f6zi norm\u00e1kat a felel\u0151s j\u00e1t\u00e9k el\u0151mozd\u00edt\u00e1s\u00e1ban. A felel\u0151ss\u00e9gteljes j\u00e1t\u00e9k alapelvei \u2705 Csak olyan p\u00e9nzt haszn\u00e1lj j\u00e1t\u00e9kra, aminek az elveszt\u00e9se sem okoz &hellip;\" \/>\n<meta property=\"og:url\" content=\"https:\/\/kladionica.com\/hu\/felelossegteljes-szerencsejatek\/\" \/>\n<meta property=\"og:site_name\" content=\"Kladionica Hungarian\" \/>\n<meta name=\"twitter:card\" content=\"summary_large_image\" \/>\n<meta name=\"twitter:label1\" content=\"Becs\u00fclt olvas\u00e1si id\u0151\" \/>\n\t<meta name=\"twitter:data1\" content=\"2 perc\" \/>\n<script type=\"application\/ld+json\" class=\"yoast-schema-graph\">{\"@context\":\"https:\/\/schema.org\",\"@graph\":[{\"@type\":\"WebPage\",\"@id\":\"https:\/\/kladionica.com\/hu\/felelossegteljes-szerencsejatek\/\",\"url\":\"https:\/\/kladionica.com\/hu\/felelossegteljes-szerencsejatek\/\",\"name\":\"Felel\u0151ss\u00e9gteljes szerencsej\u00e1t\u00e9k Magyarorsz\u00e1gon - Kladionica Hungarian\",\"isPartOf\":{\"@id\":\"https:\/\/kladionica.com\/hu\/#website\"},\"datePublished\":\"2025-04-29T12:48:05+00:00\",\"breadcrumb\":{\"@id\":\"https:\/\/kladionica.com\/hu\/felelossegteljes-szerencsejatek\/#breadcrumb\"},\"inLanguage\":\"hu\",\"potentialAction\":[{\"@type\":\"ReadAction\",\"target\":[\"https:\/\/kladionica.com\/hu\/felelossegteljes-szerencsejatek\/\"]}]},{\"@type\":\"BreadcrumbList\",\"@id\":\"https:\/\/kladionica.com\/hu\/felelossegteljes-szerencsejatek\/#breadcrumb\",\"itemListElement\":[{\"@type\":\"ListItem\",\"position\":1,\"name\":\"Otthon\",\"item\":\"https:\/\/kladionica.com\/hu\/\"},{\"@type\":\"ListItem\",\"position\":2,\"name\":\"Felel\u0151ss\u00e9gteljes szerencsej\u00e1t\u00e9k Magyarorsz\u00e1gon\"}]},{\"@type\":\"WebSite\",\"@id\":\"https:\/\/kladionica.com\/hu\/#website\",\"url\":\"https:\/\/kladionica.com\/hu\/\",\"name\":\"Kladionica Hungarian\",\"description\":\"\",\"publisher\":{\"@id\":\"https:\/\/kladionica.com\/hu\/#organization\"},\"potentialAction\":[{\"@type\":\"SearchAction\",\"target\":{\"@type\":\"EntryPoint\",\"urlTemplate\":\"https:\/\/kladionica.com\/hu\/?s={search_term_string}\"},\"query-input\":{\"@type\":\"PropertyValueSpecification\",\"valueRequired\":true,\"valueName\":\"search_term_string\"}}],\"inLanguage\":\"hu\"},{\"@type\":\"Organization\",\"@id\":\"https:\/\/kladionica.com\/hu\/#organization\",\"name\":\"Kladionica Hungarian\",\"url\":\"https:\/\/kladionica.com\/hu\/\",\"logo\":{\"@type\":\"ImageObject\",\"inLanguage\":\"hu\",\"@id\":\"https:\/\/kladionica.com\/hu\/#\/schema\/logo\/image\/\",\"url\":\"https:\/\/kladionica.com\/hu\/wp-content\/uploads\/sites\/4\/2025\/03\/logo-footer.svg\",\"contentUrl\":\"https:\/\/kladionica.com\/hu\/wp-content\/uploads\/sites\/4\/2025\/03\/logo-footer.svg\",\"width\":207,\"height\":38,\"caption\":\"Kladionica Hungarian\"},\"image\":{\"@id\":\"https:\/\/kladionica.com\/hu\/#\/schema\/logo\/image\/\"}}]}<\/script>\n<!-- \/ Yoast SEO plugin. -->","yoast_head_json":{"title":"Felel\u0151ss\u00e9gteljes szerencsej\u00e1t\u00e9k Magyarorsz\u00e1gon - Kladionica Hungarian","description":"K\u00fcldet\u00e9s\u00fcnk mint t\u00e1j\u00e9koztat\u00f3 platform Mint olyan weboldal, amely k\u00fclf\u00f6ldi online kaszin\u00f3kkal kapcsolatos inform\u00e1ci\u00f3kat \u00e9s \u00e9rt\u00e9kel\u00e9seket ny\u00fajt, nemcsak objekt\u00edv \u00e1ttekint\u00e9seket k\u00edn\u00e1lunk, hanem felel\u0151ss\u00e9get is v\u00e1llalunk a szerencsej\u00e1t\u00e9kokkal j\u00e1r\u00f3 kock\u00e1zatok tudatos\u00edt\u00e1s\u00e1\u00e9rt. T\u00e1mogatjuk a magyar jogszab\u00e1lyokat \u00e9s nemzetk\u00f6zi norm\u00e1kat a felel\u0151s j\u00e1t\u00e9k el\u0151mozd\u00edt\u00e1s\u00e1ban. A felel\u0151ss\u00e9gteljes j\u00e1t\u00e9k alapelvei \u2705 Csak olyan p\u00e9nzt haszn\u00e1lj j\u00e1t\u00e9kra, aminek az elveszt\u00e9se sem okoz &hellip;","robots":{"index":"index","follow":"follow","max-snippet":"max-snippet:-1","max-image-preview":"max-image-preview:large","max-video-preview":"max-video-preview:-1"},"canonical":"https:\/\/kladionica.com\/hu\/felelossegteljes-szerencsejatek\/","og_locale":"hu_HU","og_type":"article","og_title":"Felel\u0151ss\u00e9gteljes szerencsej\u00e1t\u00e9k Magyarorsz\u00e1gon - Kladionica Hungarian","og_description":"K\u00fcldet\u00e9s\u00fcnk mint t\u00e1j\u00e9koztat\u00f3 platform Mint olyan weboldal, amely k\u00fclf\u00f6ldi online kaszin\u00f3kkal kapcsolatos inform\u00e1ci\u00f3kat \u00e9s \u00e9rt\u00e9kel\u00e9seket ny\u00fajt, nemcsak objekt\u00edv \u00e1ttekint\u00e9seket k\u00edn\u00e1lunk, hanem felel\u0151ss\u00e9get is v\u00e1llalunk a szerencsej\u00e1t\u00e9kokkal j\u00e1r\u00f3 kock\u00e1zatok tudatos\u00edt\u00e1s\u00e1\u00e9rt. T\u00e1mogatjuk a magyar jogszab\u00e1lyokat \u00e9s nemzetk\u00f6zi norm\u00e1kat a felel\u0151s j\u00e1t\u00e9k el\u0151mozd\u00edt\u00e1s\u00e1ban. A felel\u0151ss\u00e9gteljes j\u00e1t\u00e9k alapelvei \u2705 Csak olyan p\u00e9nzt haszn\u00e1lj j\u00e1t\u00e9kra, aminek az elveszt\u00e9se sem okoz &hellip;","og_url":"https:\/\/kladionica.com\/hu\/felelossegteljes-szerencsejatek\/","og_site_name":"Kladionica Hungarian","twitter_card":"summary_large_image","twitter_misc":{"Becs\u00fclt olvas\u00e1si id\u0151":"2 perc"},"schema":{"@context":"https:\/\/schema.org","@graph":[{"@type":"WebPage","@id":"https:\/\/kladionica.com\/hu\/felelossegteljes-szerencsejatek\/","url":"https:\/\/kladionica.com\/hu\/felelossegteljes-szerencsejatek\/","name":"Felel\u0151ss\u00e9gteljes szerencsej\u00e1t\u00e9k Magyarorsz\u00e1gon - Kladionica Hungarian","isPartOf":{"@id":"https:\/\/kladionica.com\/hu\/#website"},"datePublished":"2025-04-29T12:48:05+00:00","breadcrumb":{"@id":"https:\/\/kladionica.com\/hu\/felelossegteljes-szerencsejatek\/#breadcrumb"},"inLanguage":"hu","potentialAction":[{"@type":"ReadAction","target":["https:\/\/kladionica.com\/hu\/felelossegteljes-szerencsejatek\/"]}]},{"@type":"BreadcrumbList","@id":"https:\/\/kladionica.com\/hu\/felelossegteljes-szerencsejatek\/#breadcrumb","itemListElement":[{"@type":"ListItem","position":1,"name":"Otthon","item":"https:\/\/kladionica.com\/hu\/"},{"@type":"ListItem","position":2,"name":"Felel\u0151ss\u00e9gteljes szerencsej\u00e1t\u00e9k Magyarorsz\u00e1gon"}]},{"@type":"WebSite","@id":"https:\/\/kladionica.com\/hu\/#website","url":"https:\/\/kladionica.com\/hu\/","name":"Kladionica Hungarian","description":"","publisher":{"@id":"https:\/\/kladionica.com\/hu\/#organization"},"potentialAction":[{"@type":"SearchAction","target":{"@type":"EntryPoint","urlTemplate":"https:\/\/kladionica.com\/hu\/?s={search_term_string}"},"query-input":{"@type":"PropertyValueSpecification","valueRequired":true,"valueName":"search_term_string"}}],"inLanguage":"hu"},{"@type":"Organization","@id":"https:\/\/kladionica.com\/hu\/#organization","name":"Kladionica Hungarian","url":"https:\/\/kladionica.com\/hu\/","logo":{"@type":"ImageObject","inLanguage":"hu","@id":"https:\/\/kladionica.com\/hu\/#\/schema\/logo\/image\/","url":"https:\/\/kladionica.com\/hu\/wp-content\/uploads\/sites\/4\/2025\/03\/logo-footer.svg","contentUrl":"https:\/\/kladionica.com\/hu\/wp-content\/uploads\/sites\/4\/2025\/03\/logo-footer.svg","width":207,"height":38,"caption":"Kladionica Hungarian"},"image":{"@id":"https:\/\/kladionica.com\/hu\/#\/schema\/logo\/image\/"}}]}},"_links":{"self":[{"href":"https:\/\/kladionica.com\/hu\/wp-json\/wp\/v2\/pages\/280","targetHints":{"allow":["GET"]}}],"collection":[{"href":"https:\/\/kladionica.com\/hu\/wp-json\/wp\/v2\/pages"}],"about":[{"href":"https:\/\/kladionica.com\/hu\/wp-json\/wp\/v2\/types\/page"}],"author":[{"embeddable":true,"href":"https:\/\/kladionica.com\/hu\/wp-json\/wp\/v2\/users\/52"}],"replies":[{"embeddable":true,"href":"https:\/\/kladionica.com\/hu\/wp-json\/wp\/v2\/comments?post=280"}],"version-history":[{"count":0,"href":"https:\/\/kladionica.com\/hu\/wp-json\/wp\/v2\/pages\/280\/revisions"}],"wp:attachment":[{"href":"https:\/\/kladionica.com\/hu\/wp-json\/wp\/v2\/media?parent=280"}],"curies":[{"name":"wp","href":"https:\/\/api.w.org\/{rel}","templated":true}]}}